{"id":99,"date":"2024-02-12T10:38:57","date_gmt":"2024-02-12T09:38:57","guid":{"rendered":"https:\/\/marne-nature.fr\/?page_id=99"},"modified":"2024-04-04T13:03:51","modified_gmt":"2024-04-04T11:03:51","slug":"le-plastique","status":"publish","type":"page","link":"https:\/\/marne-nature.fr\/?page_id=99","title":{"rendered":"Le plastique"},"content":{"rendered":"\n<p>Le plastique\u00a0a pollu\u00e9 tout; on le d\u00e9couvre avec\u00a0le 6\u00e8me continent de plastique, quelque-part dans le pacifique Sud&#8230;\u00a0 <br>Tous les morceaux de plastique\u00a0se regrouperaient pour faire bloc. On sait aussi\u00a0que les animaux dans la mer\u00a0s\u2019\u00e9touffent avec tous ces d\u00e9chets; et \u00e0 cela s\u2019ajoute que des micros particules se prom\u00e8neraient dans l\u2019eau et surtout celle que nous buvons. <br>Il se pourrait que nous en ayons plein le corps et on craint ce qui pourrait en d\u00e9couler. <br>Le recyclage de cette mati\u00e8re est un peu nul : surtout en France o\u00f9 on\u00a0en recycle quasi rien, mais aussi surtout parce qu\u2019il faut 60% de plastique neuf pour refaire un objet\u00a0en plastique.<\/p>\n\n\n\n<h2 class=\"wp-block-heading\">UNE SOLUTION : BANNIR LE PLASTIQUE !!<\/h2>\n\n\n\n<h3 class=\"wp-block-heading\">1 Remplacer par des objets en verre, bois, acier<\/h3>\n\n\n\n<p>Fini les\u00a0couverts jetables en plastique,\u00a0les manches en plastique, les bouteilles en plastique.<\/p>\n\n\n\n<h3 class=\"wp-block-heading\">2 Acheter en vrac<\/h3>\n\n\n\n<p>R\u00e9utiliser son r\u00e9cipient jusqu\u2019en fin de vie.<\/p>\n\n\n\n<h3 class=\"wp-block-heading\">3 Le plastique est un enjeu fort\u00a0 \u00ab\u00a0D\u00e9chets\u00a0\u00bb<\/h3>\n\n\n\n<p>Les collectivit\u00e9s font leur business du recyclage du plastique. Mais voulons nous respirer?<\/p>\n\n\n\n<p>Tout ces camions qui transportent nos d\u00e9chets, ces incin\u00e9rateurs qui brulent\u00a0sans fin\u2026<br>C\u2019est mieux de pouvoir composter ces mat\u00e9riaux\u00a0ou, comme l\u2019acier et le verre, de\u00a0vraiment les recycler.<\/p>\n\n\n\n<p>Et le vrai bois, on peut le r\u00e9parer ou se chauffer avec.<\/p>\n\n\n\n<p>Alors comme c\u2019est nous qui payons au final, et que nous subissons ces atteintes insupportables, en diminuant drastiquement nos poubelles, nous luttons pour un environnement sain.<\/p>\n\n\n\n<p>Nous obligerons ainsi \u00e0&nbsp; modifier cette \u00e9conomie mortif\u00e8re.<\/p>\n\n\n\n<p><a href=\"http:\/\/www.bois.com\/\" target=\"_blank\" rel=\"noreferrer noopener\"><strong>Pour tout savoir sur le bois<\/strong><\/a><\/p>\n","protected":false},"excerpt":{"rendered":"<p>Le plastique\u00a0a pollu\u00e9 tout; on le d\u00e9couvre avec\u00a0le 6\u00e8me continent de plastique, quelque-part dans le pacifique Sud&#8230;\u00a0 Tous les morceaux de plastique\u00a0se regrouperaient pour faire bloc. On sait aussi\u00a0que les&hellip;&nbsp;<a href=\"https:\/\/marne-nature.fr\/?page_id=99\" rel=\"bookmark\">Lire la suite &raquo;<span class=\"screen-reader-text\">Le plastique<\/span><\/a><\/p>\n","protected":false},"author":1,"featured_media":0,"parent":0,"menu_order":0,"comment_status":"closed","ping_status":"closed","template":"","meta":{"neve_meta_sidebar":"","neve_meta_container":"","neve_meta_enable_content_width":"","neve_meta_content_width":0,"neve_meta_title_alignment":"","neve_meta_author_avatar":"","neve_post_elements_order":"","neve_meta_disable_header":"","neve_meta_disable_footer":"","neve_meta_disable_title":"","footnotes":""},"class_list":["post-99","page","type-page","status-publish","hentry"],"_links":{"self":[{"href":"https:\/\/marne-nature.fr\/index.php?rest_route=\/wp\/v2\/pages\/99","targetHints":{"allow":["GET"]}}],"collection":[{"href":"https:\/\/marne-nature.fr\/index.php?rest_route=\/wp\/v2\/pages"}],"about":[{"href":"https:\/\/marne-nature.fr\/index.php?rest_route=\/wp\/v2\/types\/page"}],"author":[{"embeddable":true,"href":"https:\/\/marne-nature.fr\/index.php?rest_route=\/wp\/v2\/users\/1"}],"replies":[{"embeddable":true,"href":"https:\/\/marne-nature.fr\/index.php?rest_route=%2Fwp%2Fv2%2Fcomments&post=99"}],"version-history":[{"count":2,"href":"https:\/\/marne-nature.fr\/index.php?rest_route=\/wp\/v2\/pages\/99\/revisions"}],"predecessor-version":[{"id":254,"href":"https:\/\/marne-nature.fr\/index.php?rest_route=\/wp\/v2\/pages\/99\/revisions\/254"}],"wp:attachment":[{"href":"https:\/\/marne-nature.fr\/index.php?rest_route=%2Fwp%2Fv2%2Fmedia&parent=99"}],"curies":[{"name":"wp","href":"https:\/\/api.w.org\/{rel}","templated":true}]}}