{"id":97,"date":"2024-02-12T10:38:28","date_gmt":"2024-02-12T09:38:28","guid":{"rendered":"https:\/\/marne-nature.fr\/?page_id=97"},"modified":"2024-04-04T12:58:25","modified_gmt":"2024-04-04T10:58:25","slug":"coquillages","status":"publish","type":"page","link":"https:\/\/marne-nature.fr\/?page_id=97","title":{"rendered":"Coquillages"},"content":{"rendered":"\n<p>Que faire avec ces d\u00e9chets l\u00e0?<\/p>\n\n\n\n<figure class=\"wp-block-image size-large is-resized\"><a href=\"https:\/\/marne-nature.fr\/wp-content\/uploads\/2024\/04\/IMG_6751.jpg\"><img loading=\"lazy\" decoding=\"async\" width=\"1024\" height=\"768\" src=\"https:\/\/marne-nature.fr\/wp-content\/uploads\/2024\/04\/IMG_6751-1024x768.jpg\" alt=\"\" class=\"wp-image-248\" style=\"width:324px;height:auto\" srcset=\"https:\/\/marne-nature.fr\/wp-content\/uploads\/2024\/04\/IMG_6751-1024x768.jpg 1024w, https:\/\/marne-nature.fr\/wp-content\/uploads\/2024\/04\/IMG_6751-300x225.jpg 300w, https:\/\/marne-nature.fr\/wp-content\/uploads\/2024\/04\/IMG_6751-768x576.jpg 768w, https:\/\/marne-nature.fr\/wp-content\/uploads\/2024\/04\/IMG_6751-1536x1152.jpg 1536w, https:\/\/marne-nature.fr\/wp-content\/uploads\/2024\/04\/IMG_6751.jpg 2048w\" sizes=\"auto, (max-width: 1024px) 100vw, 1024px\" \/><\/a><\/figure>\n\n\n\n<p>Aujourd\u2019hui on vous explique comment s\u2019en d\u00e9barrasser sans les mettre \u00e0 la poubelle.<\/p>\n\n\n\n<p>A condition d\u2019avoir un jardin\u2026<br>Tant qu\u2019on peut encore manger des moules\u2026<\/p>\n\n\n\n<figure class=\"wp-block-image size-large is-resized\"><a href=\"https:\/\/marne-nature.fr\/wp-content\/uploads\/2024\/04\/IMG_6754.jpg\"><img loading=\"lazy\" decoding=\"async\" width=\"1024\" height=\"768\" src=\"https:\/\/marne-nature.fr\/wp-content\/uploads\/2024\/04\/IMG_6754-1024x768.jpg\" alt=\"\" class=\"wp-image-249\" style=\"width:330px;height:auto\" srcset=\"https:\/\/marne-nature.fr\/wp-content\/uploads\/2024\/04\/IMG_6754-1024x768.jpg 1024w, https:\/\/marne-nature.fr\/wp-content\/uploads\/2024\/04\/IMG_6754-300x225.jpg 300w, https:\/\/marne-nature.fr\/wp-content\/uploads\/2024\/04\/IMG_6754-768x576.jpg 768w, https:\/\/marne-nature.fr\/wp-content\/uploads\/2024\/04\/IMG_6754-1536x1152.jpg 1536w, https:\/\/marne-nature.fr\/wp-content\/uploads\/2024\/04\/IMG_6754.jpg 2048w\" sizes=\"auto, (max-width: 1024px) 100vw, 1024px\" \/><\/a><\/figure>\n\n\n\n<p>1&nbsp; je les stocke&nbsp;&nbsp;&nbsp;&nbsp;&nbsp;&nbsp;&nbsp;&nbsp;&nbsp;&nbsp;&nbsp;&nbsp;&nbsp;&nbsp;&nbsp;&nbsp;&nbsp;&nbsp;&nbsp;&nbsp;&nbsp;&nbsp;&nbsp;&nbsp;&nbsp;&nbsp;&nbsp; 2&nbsp;&nbsp; je les mets dans un vieux drap&nbsp;&nbsp;&nbsp;&nbsp;&nbsp;&nbsp; &nbsp; 3 j\u2019ai&nbsp;&nbsp; bien r\u00e9duit mon tas<\/p>\n\n\n\n<p>et je les assaisonne avec une grosse massette<\/p>\n\n\n\n<figure class=\"wp-block-image size-large is-resized\"><a href=\"https:\/\/marne-nature.fr\/wp-content\/uploads\/2024\/04\/IMG_6757.jpg\"><img loading=\"lazy\" decoding=\"async\" width=\"1024\" height=\"768\" src=\"https:\/\/marne-nature.fr\/wp-content\/uploads\/2024\/04\/IMG_6757-1024x768.jpg\" alt=\"\" class=\"wp-image-251\" style=\"width:332px;height:auto\" srcset=\"https:\/\/marne-nature.fr\/wp-content\/uploads\/2024\/04\/IMG_6757-1024x768.jpg 1024w, https:\/\/marne-nature.fr\/wp-content\/uploads\/2024\/04\/IMG_6757-300x225.jpg 300w, https:\/\/marne-nature.fr\/wp-content\/uploads\/2024\/04\/IMG_6757-768x576.jpg 768w, https:\/\/marne-nature.fr\/wp-content\/uploads\/2024\/04\/IMG_6757-1536x1152.jpg 1536w, https:\/\/marne-nature.fr\/wp-content\/uploads\/2024\/04\/IMG_6757.jpg 2048w\" sizes=\"auto, (max-width: 1024px) 100vw, 1024px\" \/><\/a><\/figure>\n\n\n\n<p>A quoi \u00e7a sert? pour mon jardin tr\u00e8s argileux voil\u00e0&nbsp; du calcaire bien venu et comme c\u2019est un peu coupant encore<\/p>\n\n\n\n<p>C\u2019est pas bon pour les limaces qui cherchent un autre chemin.<\/p>\n","protected":false},"excerpt":{"rendered":"<p>Que faire avec ces d\u00e9chets l\u00e0? Aujourd\u2019hui on vous explique comment s\u2019en d\u00e9barrasser sans les mettre \u00e0 la poubelle. A condition d\u2019avoir un jardin\u2026Tant qu\u2019on peut encore manger des moules\u2026&hellip;&nbsp;<a href=\"https:\/\/marne-nature.fr\/?page_id=97\" rel=\"bookmark\">Lire la suite &raquo;<span class=\"screen-reader-text\">Coquillages<\/span><\/a><\/p>\n","protected":false},"author":1,"featured_media":0,"parent":0,"menu_order":0,"comment_status":"closed","ping_status":"closed","template":"","meta":{"neve_meta_sidebar":"","neve_meta_container":"","neve_meta_enable_content_width":"","neve_meta_content_width":0,"neve_meta_title_alignment":"","neve_meta_author_avatar":"","neve_post_elements_order":"","neve_meta_disable_header":"","neve_meta_disable_footer":"","neve_meta_disable_title":"","footnotes":""},"class_list":["post-97","page","type-page","status-publish","hentry"],"_links":{"self":[{"href":"https:\/\/marne-nature.fr\/index.php?rest_route=\/wp\/v2\/pages\/97","targetHints":{"allow":["GET"]}}],"collection":[{"href":"https:\/\/marne-nature.fr\/index.php?rest_route=\/wp\/v2\/pages"}],"about":[{"href":"https:\/\/marne-nature.fr\/index.php?rest_route=\/wp\/v2\/types\/page"}],"author":[{"embeddable":true,"href":"https:\/\/marne-nature.fr\/index.php?rest_route=\/wp\/v2\/users\/1"}],"replies":[{"embeddable":true,"href":"https:\/\/marne-nature.fr\/index.php?rest_route=%2Fwp%2Fv2%2Fcomments&post=97"}],"version-history":[{"count":2,"href":"https:\/\/marne-nature.fr\/index.php?rest_route=\/wp\/v2\/pages\/97\/revisions"}],"predecessor-version":[{"id":252,"href":"https:\/\/marne-nature.fr\/index.php?rest_route=\/wp\/v2\/pages\/97\/revisions\/252"}],"wp:attachment":[{"href":"https:\/\/marne-nature.fr\/index.php?rest_route=%2Fwp%2Fv2%2Fmedia&parent=97"}],"curies":[{"name":"wp","href":"https:\/\/api.w.org\/{rel}","templated":true}]}}