{"id":95,"date":"2024-02-12T10:38:01","date_gmt":"2024-02-12T09:38:01","guid":{"rendered":"https:\/\/marne-nature.fr\/?page_id=95"},"modified":"2024-04-02T15:16:06","modified_gmt":"2024-04-02T13:16:06","slug":"mes-dechets","status":"publish","type":"page","link":"https:\/\/marne-nature.fr\/?page_id=95","title":{"rendered":"MES DECHETS"},"content":{"rendered":"\n<h2 class=\"wp-block-heading\">On voudrait pouvoir r\u00e9duire ses d\u00e9chets et certains produits posent probl\u00e8me.<\/h2>\n\n\n\n<p>Comment arriver \u00e0 ZERO DECHETS?<\/p>\n\n\n\n<figure class=\"wp-block-image size-large\"><img loading=\"lazy\" decoding=\"async\" width=\"1024\" height=\"576\" src=\"http:\/\/marne-nature.fr\/wp-content\/uploads\/2024\/02\/compost-pres-1024x576.jpg\" alt=\"\" class=\"wp-image-145\" srcset=\"https:\/\/marne-nature.fr\/wp-content\/uploads\/2024\/02\/compost-pres-1024x576.jpg 1024w, https:\/\/marne-nature.fr\/wp-content\/uploads\/2024\/02\/compost-pres-300x169.jpg 300w, https:\/\/marne-nature.fr\/wp-content\/uploads\/2024\/02\/compost-pres-768x432.jpg 768w, https:\/\/marne-nature.fr\/wp-content\/uploads\/2024\/02\/compost-pres-1536x864.jpg 1536w, https:\/\/marne-nature.fr\/wp-content\/uploads\/2024\/02\/compost-pres-2048x1153.jpg 2048w\" sizes=\"auto, (max-width: 1024px) 100vw, 1024px\" \/><\/figure>\n\n\n\n<p>Nous souhaitons participer en fournissant nos solutions<\/p>\n\n\n\n<p>3 articles \u00e0&nbsp; retrouver d\u00e9j\u00e0 avec<\/p>\n\n\n\n<p>Les plastiques<\/p>\n\n\n\n<p>les coquillages<\/p>\n\n\n\n<p>le verre en plaques<\/p>\n\n\n\n<p>Nous compl\u00e9terons d\u00e8s que possible<\/p>\n\n\n\n<p>Vous pouvez aussi nous adresser vos&nbsp; solutions \u00e0 partager\u2026<\/p>\n\n\n\n<ul class=\"wp-block-list\">\n<li>&nbsp;<\/li>\n<\/ul>\n","protected":false},"excerpt":{"rendered":"<p>On voudrait pouvoir r\u00e9duire ses d\u00e9chets et certains produits posent probl\u00e8me. Comment arriver \u00e0 ZERO DECHETS? Nous souhaitons participer en fournissant nos solutions 3 articles \u00e0&nbsp; retrouver d\u00e9j\u00e0 avec Les&hellip;&nbsp;<a href=\"https:\/\/marne-nature.fr\/?page_id=95\" rel=\"bookmark\">Lire la suite &raquo;<span class=\"screen-reader-text\">MES DECHETS<\/span><\/a><\/p>\n","protected":false},"author":1,"featured_media":0,"parent":0,"menu_order":0,"comment_status":"closed","ping_status":"closed","template":"","meta":{"neve_meta_sidebar":"","neve_meta_container":"","neve_meta_enable_content_width":"","neve_meta_content_width":0,"neve_meta_title_alignment":"","neve_meta_author_avatar":"","neve_post_elements_order":"","neve_meta_disable_header":"","neve_meta_disable_footer":"","neve_meta_disable_title":"","footnotes":""},"class_list":["post-95","page","type-page","status-publish","hentry"],"_links":{"self":[{"href":"https:\/\/marne-nature.fr\/index.php?rest_route=\/wp\/v2\/pages\/95","targetHints":{"allow":["GET"]}}],"collection":[{"href":"https:\/\/marne-nature.fr\/index.php?rest_route=\/wp\/v2\/pages"}],"about":[{"href":"https:\/\/marne-nature.fr\/index.php?rest_route=\/wp\/v2\/types\/page"}],"author":[{"embeddable":true,"href":"https:\/\/marne-nature.fr\/index.php?rest_route=\/wp\/v2\/users\/1"}],"replies":[{"embeddable":true,"href":"https:\/\/marne-nature.fr\/index.php?rest_route=%2Fwp%2Fv2%2Fcomments&post=95"}],"version-history":[{"count":3,"href":"https:\/\/marne-nature.fr\/index.php?rest_route=\/wp\/v2\/pages\/95\/revisions"}],"predecessor-version":[{"id":225,"href":"https:\/\/marne-nature.fr\/index.php?rest_route=\/wp\/v2\/pages\/95\/revisions\/225"}],"wp:attachment":[{"href":"https:\/\/marne-nature.fr\/index.php?rest_route=%2Fwp%2Fv2%2Fmedia&parent=95"}],"curies":[{"name":"wp","href":"https:\/\/api.w.org\/{rel}","templated":true}]}}