{"id":9,"date":"2024-01-24T12:08:56","date_gmt":"2024-01-24T11:08:56","guid":{"rendered":"https:\/\/marne-nature.fr\/?page_id=9"},"modified":"2025-11-24T13:07:06","modified_gmt":"2025-11-24T12:07:06","slug":"accueil","status":"publish","type":"page","link":"https:\/\/marne-nature.fr\/","title":{"rendered":"Accueil"},"content":{"rendered":"\n<div style=\"height:40px\" aria-hidden=\"true\" class=\"wp-block-spacer\"><\/div>\n\n\n\n<div class=\"wp-block-cover\"><span aria-hidden=\"true\" class=\"wp-block-cover__background has-background-dim-100 has-background-dim\" style=\"background-color:#43a945\"><\/span><div class=\"wp-block-cover__inner-container is-layout-constrained wp-block-cover-is-layout-constrained\">\n<p class=\"has-text-align-center has-large-font-size\"><strong>Actualit\u00e9s<\/strong><\/p>\n\n\n\n<div class=\"wp-block-columns is-layout-flex wp-container-core-columns-is-layout-9d6595d7 wp-block-columns-is-layout-flex\">\n<div class=\"wp-block-column is-vertically-aligned-top is-layout-flow wp-block-column-is-layout-flow\">\n<figure class=\"wp-block-embed is-type-wp-embed is-provider-marne-nature-environnement wp-block-embed-marne-nature-environnement\"><div class=\"wp-block-embed__wrapper\">\n<blockquote class=\"wp-embedded-content\" data-secret=\"mOpLn1ubxq\"><a href=\"https:\/\/marne-nature.fr\/?p=141\">D\u00e9chets organiques m\u00e9nagers<\/a><\/blockquote><iframe loading=\"lazy\" class=\"wp-embedded-content\" sandbox=\"allow-scripts\" security=\"restricted\" style=\"position: absolute; visibility: hidden;\" title=\"\u00ab\u00a0D\u00e9chets organiques m\u00e9nagers\u00a0\u00bb &#8212; Marne Nature Environnement\" src=\"https:\/\/marne-nature.fr\/?p=141&#038;embed=true#?secret=yeW1bj8Fko#?secret=mOpLn1ubxq\" data-secret=\"mOpLn1ubxq\" width=\"600\" height=\"338\" frameborder=\"0\" marginwidth=\"0\" marginheight=\"0\" scrolling=\"no\"><\/iframe>\n<\/div><\/figure>\n<\/div>\n\n\n\n<div class=\"wp-block-column is-layout-flow wp-block-column-is-layout-flow\">\n\n\n<p class=\"has-text-align-center\"><strong>\u00c9v\u00e9nements \u00e0 venir<\/strong><\/p>\n\n\n<div class=\"wp-block-image\">\n<figure class=\"aligncenter size-full is-resized\"><a href=\"https:\/\/marne-nature.fr\/?post_type=tribe_events\"><img loading=\"lazy\" decoding=\"async\" width=\"307\" height=\"299\" src=\"https:\/\/marne-nature.fr\/wp-content\/uploads\/2024\/04\/agenda.jpg\" alt=\"\" class=\"wp-image-296\" style=\"width:374px;height:auto\" srcset=\"https:\/\/marne-nature.fr\/wp-content\/uploads\/2024\/04\/agenda.jpg 307w, https:\/\/marne-nature.fr\/wp-content\/uploads\/2024\/04\/agenda-300x292.jpg 300w\" sizes=\"auto, (max-width: 307px) 100vw, 307px\" \/><\/a><\/figure><\/div><\/div>\n\n\n\n<div class=\"wp-block-column is-layout-flow wp-block-column-is-layout-flow\">\n<figure class=\"wp-block-embed is-type-wp-embed is-provider-marne-nature-environnement wp-block-embed-marne-nature-environnement\"><div class=\"wp-block-embed__wrapper\">\n<blockquote class=\"wp-embedded-content\" data-secret=\"Mhp7f8YI1Z\"><a href=\"https:\/\/marne-nature.fr\/?p=130\">Bulletin d&rsquo;information<\/a><\/blockquote><iframe loading=\"lazy\" class=\"wp-embedded-content\" sandbox=\"allow-scripts\" security=\"restricted\" style=\"position: absolute; visibility: hidden;\" title=\"\u00ab\u00a0Bulletin d&rsquo;information\u00a0\u00bb &#8212; Marne Nature Environnement\" src=\"https:\/\/marne-nature.fr\/?p=130&#038;embed=true#?secret=IBpmMzKVc3#?secret=Mhp7f8YI1Z\" data-secret=\"Mhp7f8YI1Z\" width=\"600\" height=\"338\" frameborder=\"0\" marginwidth=\"0\" marginheight=\"0\" scrolling=\"no\"><\/iframe>\n<\/div><\/figure>\n<\/div>\n<\/div>\n<\/div><\/div>\n\n\n\n<div style=\"height:100px\" aria-hidden=\"true\" class=\"wp-block-spacer\"><\/div>\n\n\n\n<div class=\"wp-block-cover\"><span aria-hidden=\"true\" class=\"wp-block-cover__background has-background-dim-100 has-background-dim\" style=\"background-color:#43a945\"><\/span><div class=\"wp-block-cover__inner-container is-layout-constrained wp-block-cover-is-layout-constrained\">\n<p class=\"has-text-align-center has-large-font-size\"><strong>Actions<\/strong><\/p>\n\n\n\n<div class=\"wp-block-columns is-layout-flex wp-container-core-columns-is-layout-9d6595d7 wp-block-columns-is-layout-flex\">\n<div class=\"wp-block-column is-layout-flow wp-block-column-is-layout-flow\">\n<figure class=\"wp-block-embed is-type-wp-embed is-provider-marne-nature-environnement wp-block-embed-marne-nature-environnement\"><div class=\"wp-block-embed__wrapper\">\n<blockquote class=\"wp-embedded-content\" data-secret=\"wjJzobmZzo\"><a href=\"https:\/\/marne-nature.fr\/?page_id=93\">Sciences Participatives<\/a><\/blockquote><iframe loading=\"lazy\" class=\"wp-embedded-content\" sandbox=\"allow-scripts\" security=\"restricted\" style=\"position: absolute; visibility: hidden;\" title=\"\u00ab\u00a0Sciences Participatives\u00a0\u00bb &#8212; Marne Nature Environnement\" src=\"https:\/\/marne-nature.fr\/?page_id=93&#038;embed=true#?secret=qVaRfl9aNX#?secret=wjJzobmZzo\" data-secret=\"wjJzobmZzo\" width=\"600\" height=\"338\" frameborder=\"0\" marginwidth=\"0\" marginheight=\"0\" scrolling=\"no\"><\/iframe>\n<\/div><\/figure>\n<\/div>\n\n\n\n<div class=\"wp-block-column is-layout-flow wp-block-column-is-layout-flow\">\n<figure class=\"wp-block-embed is-type-wp-embed is-provider-marne-nature-environnement wp-block-embed-marne-nature-environnement\"><div class=\"wp-block-embed__wrapper\">\n<blockquote class=\"wp-embedded-content\" data-secret=\"5FKTrYBPjS\"><a href=\"https:\/\/marne-nature.fr\/?p=167\">Sentinelles de la Nature<\/a><\/blockquote><iframe loading=\"lazy\" class=\"wp-embedded-content\" sandbox=\"allow-scripts\" security=\"restricted\" style=\"position: absolute; visibility: hidden;\" title=\"\u00ab\u00a0Sentinelles de la Nature\u00a0\u00bb &#8212; Marne Nature Environnement\" src=\"https:\/\/marne-nature.fr\/?p=167&#038;embed=true#?secret=7KSoCWqCh9#?secret=5FKTrYBPjS\" data-secret=\"5FKTrYBPjS\" width=\"600\" height=\"338\" frameborder=\"0\" marginwidth=\"0\" marginheight=\"0\" scrolling=\"no\"><\/iframe>\n<\/div><\/figure>\n<\/div>\n\n\n\n<div class=\"wp-block-column is-layout-flow wp-block-column-is-layout-flow\"><\/div>\n<\/div>\n<\/div><\/div>\n","protected":false},"excerpt":{"rendered":"","protected":false},"author":1,"featured_media":0,"parent":0,"menu_order":0,"comment_status":"closed","ping_status":"closed","template":"","meta":{"neve_meta_sidebar":"","neve_meta_container":"","neve_meta_enable_content_width":"on","neve_meta_content_width":100,"neve_meta_title_alignment":"","neve_meta_author_avatar":"","neve_post_elements_order":"","neve_meta_disable_header":"","neve_meta_disable_footer":"","neve_meta_disable_title":"on","footnotes":""},"class_list":["post-9","page","type-page","status-publish","hentry"],"_links":{"self":[{"href":"https:\/\/marne-nature.fr\/index.php?rest_route=\/wp\/v2\/pages\/9","targetHints":{"allow":["GET"]}}],"collection":[{"href":"https:\/\/marne-nature.fr\/index.php?rest_route=\/wp\/v2\/pages"}],"about":[{"href":"https:\/\/marne-nature.fr\/index.php?rest_route=\/wp\/v2\/types\/page"}],"author":[{"embeddable":true,"href":"https:\/\/marne-nature.fr\/index.php?rest_route=\/wp\/v2\/users\/1"}],"replies":[{"embeddable":true,"href":"https:\/\/marne-nature.fr\/index.php?rest_route=%2Fwp%2Fv2%2Fcomments&post=9"}],"version-history":[{"count":32,"href":"https:\/\/marne-nature.fr\/index.php?rest_route=\/wp\/v2\/pages\/9\/revisions"}],"predecessor-version":[{"id":604,"href":"https:\/\/marne-nature.fr\/index.php?rest_route=\/wp\/v2\/pages\/9\/revisions\/604"}],"wp:attachment":[{"href":"https:\/\/marne-nature.fr\/index.php?rest_route=%2Fwp%2Fv2%2Fmedia&parent=9"}],"curies":[{"name":"wp","href":"https:\/\/api.w.org\/{rel}","templated":true}]}}