{"id":78,"date":"2024-02-12T10:33:19","date_gmt":"2024-02-12T09:33:19","guid":{"rendered":"https:\/\/marne-nature.fr\/?page_id=78"},"modified":"2026-02-18T16:40:21","modified_gmt":"2026-02-18T15:40:21","slug":"78-2","status":"publish","type":"page","link":"https:\/\/marne-nature.fr\/?page_id=78","title":{"rendered":"Nos actions"},"content":{"rendered":"\n<h2 class=\"wp-block-heading\">2025<\/h2>\n\n\n\n<p> <\/p>\n\n\n\n<p>    <br><\/p>\n\n\n\n<ul class=\"wp-block-list\">\n<li>ACDPN\u00a0: L\u2019action en justice contre le m\u00e9thaniseur de Pomacle Fresnes les Reims , continue. A noter cette ann\u00e9e\u00a0: l\u2019explosion de ce methaniseur, ce qui nous confirme dans l\u2019id\u00e9e que nous avions vu juste dans cette probl\u00e9matique de s\u00e9curit\u00e9 et de permis de construire. Une proc\u00e9dure baillon ( avec un d\u00e9p\u00f4t par acte d\u2019huissier) est intent\u00e9e contre l\u2019ACDPN et MNE dans le but d\u2019intimider et d\u2019obliger \u00e0 des frais d\u2019avocat\u00a0; Le travail remarquable , la lutte engag\u00e9e par l\u2019ACDPN par le biais de son pr\u00e9sident, est \u00e0 souligner.<\/li>\n\n\n\n<li>Projet VIGIE EAU\u00a0: action de sciences participatives d\u2019analyses de l\u2019eau des cours d\u2019eaux. Avec le concours de l\u2019universit\u00e9 de Strasbourg et du CNRS<\/li>\n\n\n\n<li>CANE\u00a0: en soutien aux actions de CANE, nous offrons des services de construction de nichoirs, d\u2019hotels \u00e0 insectes, aide au transport et \u00e0 la pr\u00e9paration d\u2019activit\u00e9s et aussi en animations\u00a0: usages des plantes pour le WE 1 de la formation 2025 \u00e0 Liart\u00a0; nous montrons \u00e0 faire des pr\u00e9parations \u00ab\u00a0m\u00e9dicinales\u00a0\u00ab\u00a0, onguents , cires , mac\u00e9rats et teintures de plantes, ainsi que de fabrications d\u2019encres pour des usages plus artistiques.<\/li>\n\n\n\n<li>UPEM\u00a0: Avec l\u2019UPEM et CANE, nous participons \u00e0 la recherche action sur l\u2019eau\u00a0; notre exp\u00e9rience des diff\u00e9rentes instances de l\u2019eau sur le territoire Marnais, nous permet d\u2019apporter de nombreux \u00e9lements et d\u2019orienter vers les meilleurs contacts\u00a0; nous participerons \u00e0 de nombreuses interview d\u2019acteurs de l\u2019eau.<\/li>\n\n\n\n<li>Par ailleurs , nous paticipons au festival de films nature et biodiversit\u00e9 intitul\u00e9\u00a0: CLAP pour le Futur. La diffusion des films est faite par Cin\u00e9-ligue.<\/li>\n\n\n\n<li>le 15 juin F\u00eate de l\u2019abeille \u00e0 Courtisols : stands <\/li>\n\n\n\n<li>Sorties\u00a0: nous accueillons un stagiaire\u00a0(sciences Po) pour un stage dit d\u2019engagement\u00a0; il nous aide sur des animations vari\u00e9es\u00a0: cin\u00e9-debat, stands et surtout sur la pr\u00e9paration d\u2019une sortie sur la Bardole , pr\u00e8s de Nuisement, o\u00f9 nous explorerons \u00e0 la recherche de plantes m\u00e9diterran\u00e9ennes. Le samedi 31 mai sortie<strong> <\/strong>aux Marais de Saint Gond  <\/li>\n\n\n\n<li>Nous sommes sollicit\u00e9s pour un avis par une journaliste Mme Bolis qui pr\u00e9pare un livre sur l\u2019eau. Nous lui signalons les points particuliers dans le d\u00e9partement et qui posent question, ou m\u00eame sont un souci majeur .<\/li>\n\n\n\n<li>5 au 7 Novembre\u00a0: participation au colloque juridique de l\u2019URCA, sur le th\u00e8me de\u00a0: l\u2019\u00e9cologie fait elle soci\u00e9t\u00e9\u00a0?<\/li>\n<\/ul>\n\n\n\n<p><\/p>\n\n\n\n<details class=\"wp-block-details is-layout-flow wp-block-details-is-layout-flow\"><summary><br><strong>Contributions\u00a0:<\/strong><br><strong>-contribution \u00e0 la consultation EPU elevage de poulets de SARRY 2 janvier 25<\/strong><br><strong>&#8211; reunion de concertation avec RTE \u00e0 chalons 16 janvier 25<\/strong><br><strong>-suivi de la pr\u00e9sentation du projet ENGIE la Coveline \u00e0 ST Menehould<\/strong><br><strong>-contributions sur le site SRADDET de la Region G-Est<\/strong><br><strong>-contributions EPU Cigeo avril 2025<\/strong><br><strong>-contribution MTEC enqu\u00eate tirs de Loups 28 mai 2025<\/strong><br><strong>-un commentaire sur le site des consultations publiques du Minist\u00e8re de la Transition \u00e9cologique et de la Coh\u00e9sion des territoires ( MTEC) le 24\/09\/2025<\/strong><br><strong>-participation \u00e0 la consultation du public sur le projet de d\u00e9cret modifiant la nomenclature des installations class\u00e9es pour la protection de l\u2019environnement (ICPE)<\/strong><br><strong>-contribution \u00e0 EPU pour un PC de plate forme multimodale \u00e0 Gennevilliers 3 nov 25<\/strong><br><strong>-contribution \u00e0 la consultation regionale Methanisation 7 novembre 2025<\/strong><br><strong>-consultation projet-rnr-savart-de-la-folie-<\/strong><br><br><\/summary>\n<p><\/p>\n<\/details>\n\n\n\n<p><strong>&#8211;<\/strong><\/p>\n\n\n\n<p><strong>&#8211;<\/strong><\/p>\n\n\n\n<p><\/p>\n\n\n\n<h2 class=\"wp-block-heading\">2022<\/h2>\n\n\n\n<p>7 animations&nbsp; \u00e0 chalons dans le projet bol d\u2019air \u00e0 la Bid\u00e9e<br>Fete de Mabon exposition eau et bombes \u00e0 graines , dons de graines de plants, animations sentinelles<br>chantier participatif de r\u00e9cup\u00e9ration de plants<br>plantations de haies \u00e0 Brugny (51)<br>diffusion de l\u2019expo EAU Ambonnay et Epernay<br>recours administratif sur une autorisation d\u2019\u00e9levage d\u2019animaux exotiques dangereux<\/p>\n\n\n\n<h2 class=\"wp-block-heading\">2021<\/h2>\n\n\n\n<p>Nous nous rapprochons du groupe TGCR \u00ab&nbsp;Treslon Germigny Courcelles Rosnay&nbsp;\u00bb qui lutte pour la protection environnementale autour de ces villages suite \u00e0 l\u2019apparition d\u2019un projet de photovolta\u00efque au sol: Agriculteurs ou industriels de l\u2019energie? Manger ou conduire, faudra t\u2019il choisir?<br>un cine d\u00e9bat avec Attac<br>participation avec la f\u00e9d\u00e9 CANE sur la plantation de haie \u00e0&nbsp; Bouilly<br>Entr\u00e9e de MNE sur&nbsp; la commission Chasse et relai de la p\u00e9tition sur les \u00ab&nbsp;nuisibles &nbsp;\u00bb<br>on dit maintenant \u00ab&nbsp;ESOD &nbsp;\u00bb&nbsp; esp\u00e8ces&nbsp; susceptibles d\u2019occasionner&nbsp; des d\u00e9g\u00e2ts.<br>participation \u00e0 la marche climat \u00e0 reims<br>Animations Greenday au coll\u00e8ge Jeanne D\u2019arc<br>Animations avec&nbsp; CANE&nbsp; sur Chalons quartier de la Bid\u00e9e<br>Stand \u00e0 la cantine du&nbsp; 111 \u00e0 chalons<br>participation avec ATMO \u00e0 Reims sur l\u2019op\u00e9ration micro-capteurs<br>animation Eau avec des enfants sur le quartier St r\u00e9mi avec la maison de quartier<\/p>\n\n\n\n<h2 class=\"wp-block-heading\">2020<\/h2>\n\n\n\n<p><strong><u>janvier :<\/u><\/strong> diffusion du film La magie des haies avec ATTAC<\/p>\n\n\n\n<p><strong><u>en f\u00e9vrier&nbsp;:<\/u><\/strong> le pr\u00e9sident F.Perard est interview\u00e9 par TF1 sur la question de la chasse du renard et des probl\u00e8mes li\u00e9s aux campagnols.<\/p>\n\n\n\n<p><strong><u>en mars <\/u><\/strong>Plusieurs animations seront r\u00e9port\u00e9es et finalement abandonn\u00e9es.<\/p>\n\n\n\n<p><strong><u>11 mars&nbsp; <\/u><\/strong>Interview de M.Peters sur MNE, le mouvement et son activit\u00e9 au CESER<\/p>\n\n\n\n<p><strong><u>avril <\/u><\/strong>nous accompagnons une sortie \u00ab&nbsp;sauvages de ma rue&nbsp;\u00bb avec BVSA (Bien Vivre \u00e0 Sainte-Anne) association de quartier \u00e0 Reims.<\/p>\n\n\n\n<p><strong><u>juin <\/u><\/strong>Nous accompagnons une sortie sur les Faux de Verzy en soutien \u00e0 la CANE et encore participation aupr\u00e8s de la F\u00e9d\u00e9ration CANE \u00e0 l\u2019animation du W-End formation guide Nature session 2020<\/p>\n\n\n\n<p><strong><u>10 juillet&nbsp;: <\/u><\/strong>nous sommmes pr\u00e9sents au Tribunal de chalons pour le r\u00e9f\u00e9r\u00e9 UNITECH.<\/p>\n\n\n\n<p><strong><u>29 juillet <\/u><\/strong>participation \u00e0 l\u2019animation d\u2019une s\u00e9ance \u00ab&nbsp;Sauvages de ma Rue&nbsp;\u00bb avec le centre social St R\u00e9mi \u00e0 Reims pour le compte de la CANE<\/p>\n\n\n\n<p><strong><u>septembre&nbsp;:<\/u><\/strong> Nous sommes aussi investis sur les d\u00e9bats IMPACT sur les questions agricoles et la r\u00e9partition de la PAC<\/p>\n\n\n\n<p><strong><u>novembre : <\/u><\/strong>suivi de l\u2019AG du Village Mus\u00e9e du DER \u00e0 St Marie du Lac Nuisement<\/p>\n\n\n\n<p>nous suivons plusieurs COPil Natura 2000<\/p>\n\n\n\n<h2 class=\"wp-block-heading\">2019<\/h2>\n\n\n\n<p><strong><u>En&nbsp; mars <\/u><\/strong>nous aidons la Maison pour tous d\u2019\u00c9pernay \u00e0 organiser son exposition insectes du 11 au 29 mars. Nous participons \u00e0 l\u2019installation puis proposons une petite formation&nbsp; enthomologie. Nous fournissons un jeu pour animer.<\/p>\n\n\n\n<p><strong><u>Du 23 au 27 avril <\/u><\/strong>nous sommes sur la semaine du d\u00e9veloppement durable \u00e0 \u00c9pernay avec un stand sur la place Hugues Plomb<\/p>\n\n\n\n<p><strong><u>En juin<\/u><\/strong> \u00e0 la f\u00eate du Lait sur l\u2019exploitation de J\u00e9r\u00f4me Oudart \u00e0 Brugny<\/p>\n\n\n\n<p><strong><u>en octobre <\/u><\/strong>nous sommes sollicit\u00e9s pour participer \u00e0 un recours sur le projet de construction Quantus. Nous privilegions la concertation avec l\u2019am\u00e9nageur; cela permettra une am\u00e9lioration du projet<\/p>\n\n\n\n<p>Nous aidons la CANE \u00e0 faire des sorties \u00e0 ST Martin d\u2019Ablois, Verzy; ainsi que&nbsp; sur la formation guide Nature.De m\u00eame lors des plantations de haies.<\/p>\n\n\n\n<h2 class=\"wp-block-heading\">2018<\/h2>\n\n\n\n<p>Nous engageons avec&nbsp; l\u2019association ACDPN un recours sur l\u2019installation d\u2019un super m\u00e9thaniseur \u00e0 Fresnes les Reims.<\/p>\n\n\n\n<p>+ 200 camions par jour dans le village ! ceci dit on est pas contre la m\u00e9thanisation raisonnable.<\/p>\n\n\n\n<p><a href=\"http:\/\/www.acdpn.fr\/\" target=\"_blank\" rel=\"noreferrer noopener\">site de l\u2019ACDPN<\/a><\/p>\n\n\n\n<p>Nous soutenons&nbsp; une&nbsp; militante environnementale qui se voit lourdement condamn\u00e9e pour un dessin \u00e0 la peinture \u00e0 l\u2019eau.<\/p>\n\n\n\n<h2 class=\"wp-block-heading\"><\/h2>\n","protected":false},"excerpt":{"rendered":"<p>2025 &#8211; &#8211; 2022 7 animations&nbsp; \u00e0 chalons dans le projet bol d\u2019air \u00e0 la Bid\u00e9eFete de Mabon exposition eau et bombes \u00e0 graines , dons de graines de plants,&hellip;&nbsp;<a href=\"https:\/\/marne-nature.fr\/?page_id=78\" rel=\"bookmark\">Lire la suite &raquo;<span class=\"screen-reader-text\">Nos actions<\/span><\/a><\/p>\n","protected":false},"author":1,"featured_media":0,"parent":0,"menu_order":0,"comment_status":"closed","ping_status":"closed","template":"","meta":{"neve_meta_sidebar":"","neve_meta_container":"","neve_meta_enable_content_width":"","neve_meta_content_width":0,"neve_meta_title_alignment":"","neve_meta_author_avatar":"","neve_post_elements_order":"","neve_meta_disable_header":"","neve_meta_disable_footer":"","neve_meta_disable_title":"","footnotes":""},"class_list":["post-78","page","type-page","status-publish","hentry"],"_links":{"self":[{"href":"https:\/\/marne-nature.fr\/index.php?rest_route=\/wp\/v2\/pages\/78","targetHints":{"allow":["GET"]}}],"collection":[{"href":"https:\/\/marne-nature.fr\/index.php?rest_route=\/wp\/v2\/pages"}],"about":[{"href":"https:\/\/marne-nature.fr\/index.php?rest_route=\/wp\/v2\/types\/page"}],"author":[{"embeddable":true,"href":"https:\/\/marne-nature.fr\/index.php?rest_route=\/wp\/v2\/users\/1"}],"replies":[{"embeddable":true,"href":"https:\/\/marne-nature.fr\/index.php?rest_route=%2Fwp%2Fv2%2Fcomments&post=78"}],"version-history":[{"count":6,"href":"https:\/\/marne-nature.fr\/index.php?rest_route=\/wp\/v2\/pages\/78\/revisions"}],"predecessor-version":[{"id":625,"href":"https:\/\/marne-nature.fr\/index.php?rest_route=\/wp\/v2\/pages\/78\/revisions\/625"}],"wp:attachment":[{"href":"https:\/\/marne-nature.fr\/index.php?rest_route=%2Fwp%2Fv2%2Fmedia&parent=78"}],"curies":[{"name":"wp","href":"https:\/\/api.w.org\/{rel}","templated":true}]}}