{"id":76,"date":"2024-02-12T10:32:50","date_gmt":"2024-02-12T09:32:50","guid":{"rendered":"https:\/\/marne-nature.fr\/?page_id=76"},"modified":"2024-04-04T12:27:19","modified_gmt":"2024-04-04T10:27:19","slug":"gravieres-dans-la-marne","status":"publish","type":"page","link":"https:\/\/marne-nature.fr\/?page_id=76","title":{"rendered":"Gravi\u00e8res dans la Marne"},"content":{"rendered":"\n<p>Dans la Marne&nbsp;: il y a d\u00e9j\u00e0 bon nombre de gravi\u00e8res du c\u00f4t\u00e9 de Fismes, mais aussi vers Cond\u00e9. <br>Depuis quelques temps on voit arriver des entreprises de la r\u00e9gion parisienne, l\u2019Yonne, etc. qui demandent des autorisations d\u2019exploiter des gravi\u00e8res. <br>Bien ou mal ?&nbsp; <br>Pourquoi viennent ils par chez nous&nbsp;? Parce qu\u2019il n\u2019y a plus de ressources dans leurs r\u00e9gion d\u2019origine. <br>Pourquoi, parce qu\u2019on consomme trop. Exemple&nbsp;: quand on construit, on voit que toute la terre est retir\u00e9e et remplac\u00e9e par des d\u00e9p\u00f4ts de gr\u00e8ve ou autre mat\u00e9riau, m\u00eame tr\u00e8s largement autour de la maison. <br>Ensuite on va b\u00e2cher, puis recouvrir d\u2019une fiche couche de terre v\u00e9g\u00e9tale. Il y a sans doute plein de bonnes raisons \u00e0 \u00e7a.<\/p>\n\n\n\n<p>Sont elles bonnes&nbsp;?<\/p>\n\n\n\n<p>Peut on faire autrement&nbsp;?<\/p>\n\n\n\n<figure class=\"wp-block-image size-full\"><a href=\"https:\/\/marne-nature.fr\/wp-content\/uploads\/2024\/04\/graviere.png\"><img loading=\"lazy\" decoding=\"async\" width=\"237\" height=\"177\" src=\"https:\/\/marne-nature.fr\/wp-content\/uploads\/2024\/04\/graviere.png\" alt=\"\" class=\"wp-image-230\"\/><\/a><\/figure>\n\n\n\n<p><strong>Alerte sur le sable:<\/strong><\/p>\n\n\n\n<p>Le verre, les puces \u00e9lectroniques ainsi que le vin, la lessive, le dentifrice, le papier, les pneus et bien d\u2019autres produits, sont issus du sable ou de ses min\u00e9raux. <br>Le sable est devenu l\u2019une des ressources naturelles les plus utilis\u00e9es au monde, derri\u00e8re l\u2019air et l\u2019eau.<br>A l\u2019instar du p\u00e9trole et du gaz, le sable est une ressource non renouvelable. Alors que les carri\u00e8res de sable sont \u00e9puis\u00e9es, il est impossible d\u2019utiliser le sable du d\u00e9sert, qui est trop lisse et trop fin, ne convenant pas \u00e0 la construction. <br>Quant \u00e0 l\u2019extraction du sable des rivi\u00e8res, cela provoque des crues, des inondations, et de la pollution.&nbsp;<br>L\u2019industrie se rabat sur l\u2019extraction du sable marin, malgr\u00e9 ses impacts n\u00e9fastes. <br>Les constructions humaines provoquent&nbsp;un d\u00e9s\u00e9quilibre g\u00e9ant aggravant l\u2019\u00e9rosion naturelle. Car le sable des plages ne vient pas de la plage elle-m\u00eame&nbsp;; il se cr\u00e9e \u00e0 l\u2019origine du cours d\u2019eau, de sa source puis se fa\u00e7onne le long de la rivi\u00e8re pour se jeter dans la mer et s\u2019\u00e9tendre sur les c\u00f4tes. <br>Mais en construisant des barrages sur les fleuves et les rivi\u00e8res, le cycle de cr\u00e9ation du sable est bloqu\u00e9. En s\u2019accumulant derri\u00e8re le barrage, le sable ne peut donc plus r\u00e9-alimenter les plages. <br>Or, il ne faut pas oublier que le sable nous sert lui-m\u00eame de barrage contre la mer. Si rien n\u2019est entrepris, et si la mer monte d\u2019un m\u00e8tre seulement, comme c\u2019est annonc\u00e9, pr\u00e8s de 100 millions de personnes en seraient affect\u00e9es.<br>En France, un mouvement de lutte s\u2019est fait conna\u00eetre afin de pr\u00e9server le sable breton de ce ph\u00e9nom\u00e8ne. Le Peuple des dunes est une association qui m\u00e8ne d\u2019arrache-pied ce combat pour la protection des ressources sabli\u00e8res de la baie de Lannion.<br>Consommation de sable par habitant en France 6,2 tonnes et en certaines r\u00e9gions comme la Bretagne&nbsp;:10 tonnes p\/ hab.<br>Malheureusement, si la France a tant besoin de sable, c\u2019est en partie parce que le recyclage du b\u00e9ton, pourtant possible, est tr\u00e8s faible: \u00e0 peine 10% du mat\u00e9riau utilis\u00e9, tandis que le secteur du b\u00e2timent et des travaux publics produit 343 millions de tonnes de d\u00e9chets (5,5 tonnes par habitant). <br>Rien qu\u2019en 2004, le Royaume-Uni et l\u2019Allemagne produisaient environ 6 fois plus de granulats de recyclage que la France. <br>Les perspectives de d\u00e9veloppement sont donc bien r\u00e9elles\u2026 et \u00e9viteraient de devoir s\u2019attaquer au littoral.<\/p>\n","protected":false},"excerpt":{"rendered":"<p>Dans la Marne&nbsp;: il y a d\u00e9j\u00e0 bon nombre de gravi\u00e8res du c\u00f4t\u00e9 de Fismes, mais aussi vers Cond\u00e9. Depuis quelques temps on voit arriver des entreprises de la r\u00e9gion&hellip;&nbsp;<a href=\"https:\/\/marne-nature.fr\/?page_id=76\" rel=\"bookmark\">Lire la suite &raquo;<span class=\"screen-reader-text\">Gravi\u00e8res dans la Marne<\/span><\/a><\/p>\n","protected":false},"author":1,"featured_media":0,"parent":0,"menu_order":0,"comment_status":"closed","ping_status":"closed","template":"","meta":{"neve_meta_sidebar":"","neve_meta_container":"","neve_meta_enable_content_width":"","neve_meta_content_width":0,"neve_meta_title_alignment":"","neve_meta_author_avatar":"","neve_post_elements_order":"","neve_meta_disable_header":"","neve_meta_disable_footer":"","neve_meta_disable_title":"","footnotes":""},"class_list":["post-76","page","type-page","status-publish","hentry"],"_links":{"self":[{"href":"https:\/\/marne-nature.fr\/index.php?rest_route=\/wp\/v2\/pages\/76","targetHints":{"allow":["GET"]}}],"collection":[{"href":"https:\/\/marne-nature.fr\/index.php?rest_route=\/wp\/v2\/pages"}],"about":[{"href":"https:\/\/marne-nature.fr\/index.php?rest_route=\/wp\/v2\/types\/page"}],"author":[{"embeddable":true,"href":"https:\/\/marne-nature.fr\/index.php?rest_route=\/wp\/v2\/users\/1"}],"replies":[{"embeddable":true,"href":"https:\/\/marne-nature.fr\/index.php?rest_route=%2Fwp%2Fv2%2Fcomments&post=76"}],"version-history":[{"count":4,"href":"https:\/\/marne-nature.fr\/index.php?rest_route=\/wp\/v2\/pages\/76\/revisions"}],"predecessor-version":[{"id":231,"href":"https:\/\/marne-nature.fr\/index.php?rest_route=\/wp\/v2\/pages\/76\/revisions\/231"}],"wp:attachment":[{"href":"https:\/\/marne-nature.fr\/index.php?rest_route=%2Fwp%2Fv2%2Fmedia&parent=76"}],"curies":[{"name":"wp","href":"https:\/\/api.w.org\/{rel}","templated":true}]}}