{"id":72,"date":"2024-02-12T10:31:03","date_gmt":"2024-02-12T09:31:03","guid":{"rendered":"https:\/\/marne-nature.fr\/?page_id=72"},"modified":"2026-02-18T16:01:33","modified_gmt":"2026-02-18T15:01:33","slug":"environnement-marnais","status":"publish","type":"page","link":"https:\/\/marne-nature.fr\/?page_id=72","title":{"rendered":"Environnement Marnais"},"content":{"rendered":"<div class=\"wp-block-image\">\n<figure class=\"alignright size-full is-resized\"><img loading=\"lazy\" decoding=\"async\" width=\"463\" height=\"382\" src=\"https:\/\/marne-nature.fr\/wp-content\/uploads\/2024\/03\/carte-marne.png\" alt=\"\" class=\"wp-image-199\" style=\"width:149px;height:auto\" srcset=\"https:\/\/marne-nature.fr\/wp-content\/uploads\/2024\/03\/carte-marne.png 463w, https:\/\/marne-nature.fr\/wp-content\/uploads\/2024\/03\/carte-marne-300x248.png 300w\" sizes=\"auto, (max-width: 463px) 100vw, 463px\" \/><\/figure><\/div>\n\n\n<h1 class=\"wp-block-heading\">Situation g\u00e9n\u00e9rale<\/h1>\n\n\n\n<p><strong>L\u2019EAU\u2026.<\/strong><\/p>\n\n\n\n<p>Les travaux de la CLE (commission locale de l\u2019Eau) ont repris. Autrefois la probl\u00e9matique \u00e9tait sur la qualit\u00e9, maintenant le grand sujet est la quantit\u00e9. La nappe de craie subit des variations de quantit\u00e9 en partie dues aux s\u00e9cheresses, mais aussi aux pr\u00e9l\u00e8vements. On va donc chercher de l\u2019eau loin s&rsquo;il le faut; A Reims, jusque dans les Ardennes; mais aussi parce que les captages r\u00e9mois sont class\u00e9s \u00ab\u00a0grenelle\u00a0\u00bb c\u2019est \u00e0 dire tr\u00e8s pollu\u00e9s ; on re-m\u00e9lange avec l\u2019eau des captages Ardennais de fa\u00e7on \u00e0 \u00eatre dans les normes de potabilit\u00e9. <\/p>\n\n\n\n<p>Que de soucis! Mais c\u2019est sans compter sur les nouvelles mol\u00e9cules, recherch\u00e9es, et des nouveaux polluants qui viennent alt\u00e9rer la qualit\u00e9 de l\u2019eau.  Dans la Marne  se sont  136 communes qui ont leur eau d\u00e9class\u00e9e. A venir les m\u00e9tolachlores, les SDHI, les HAP&nbsp;; En attendant la pr\u00e9fecture donne des d\u00e9rogations pour votre eau de table que vous boirez telle que , parce qu\u2019il n\u2019existe \u00e0 ce jour<strong> <em>aucune solution raisonnable disponible<\/em> <\/strong>pour pourvoir \u00e0 une fourniture de qualit\u00e9. A votre sant\u00e9 !<\/p>\n\n\n\n<p>Tout ceci en raison de l\u2019exposition g\u00e9n\u00e9ralis\u00e9e de tous aux produits chimiques d\u00e9vers\u00e9s en abondance.<\/p>\n\n\n\n<p>Souvenez vous en lors de vos achats quels qu&rsquo;ils soient :<br><strong>un euro?&nbsp; un euro pour le Bio!<\/strong><\/p>\n\n\n\n<p><mark style=\"background-color:rgba(0, 0, 0, 0)\" class=\"has-inline-color has-neve-link-hover-color-color\">Mais dans quelles communes? Depuis quand? <strong> En 2023<\/strong>&#8230;<\/mark><\/p>\n\n\n\n<p><strong>JANVIER<\/strong> <strong>2023<\/strong>: Coupetz, Dampierre sur Moivre, Francheville, Marson, Communaut\u00e9 de Communes de la Moivre \u00e0 la Coole<\/p>\n\n\n\n<p><strong>MARS<\/strong>; Avaux -Aumen, Avaux Aum\u00e9nacourt, Couraux fl\u00e9chambault, Warmeriville , Gueux, Fismes, Baslieux les fismes, Pevy, Com com Vitry Champagne et Der&nbsp;: Chapelaine , Coole, Huiron, Lignon, Marjerie Hancourt, Meix Tiercelin, Rivieres Henruel, Sompuis, Somsois, Songy<\/p>\n\n\n\n<p><strong>AVRIL<\/strong>; Sept-Saulx,, Fresnes les reims, Pontfaverger, Aum\u00e9nancourt , Chalons surVesles, Chenay , Merfy, Trigny, Hourges,  Muizon, Ormes, Pomacle, Prosnes Saint Masmes, Thillois, Unchair , Vaudemanges, Boursault, St Gemme, Coizard-Joches, Verneuil, Com Com paysages de la Champagne<\/p>\n\n\n\n<p><strong>MAI<\/strong> ; Bouy, Livry -Louvercy, Mourmelon le grand, St Memmie, Com Com de Chalons UDI de Mourmelon, Sommesous, Vraux<\/p>\n\n\n\n<p><strong>JUIN<\/strong>; Aulnay sur Marne, Baconnes, Bussy-Lettree, Cheniers, Dommartin Lettree, Haussimont, L\u2019Epine, Les Grandes Loges, Montepreux, St Pierre , Sommessous, Soude, Soudron, Thibie, Vadenay, Vassimont, Vatry<\/p>\n\n\n\n<p><strong>SEPTEMBRE<\/strong> ; Sommepy-Tahure, Suippes, Corbeil-Br\u00e9ban, Courdemmanges, Gigny-Bussy, St Remy sur Bussy<\/p>\n\n\n\n<p><strong>OCTOBRE<\/strong>; Champguyon, Saron sur Aube, Villiers aux Corneilles, Argers, Auve , Dampierre le ch\u00e2teau, Dommartin sur Hans, Dommartin Varimont, Elise-Daucourt, La Chapelle Faulcourt, Hans, Herpont, Le Viel Dampierre, Rapsecourt , Voilemont, Danmartin , Dompierre, Maigneux, Walmy, Barbonne Fayel , Granges sur Aube<\/p>\n\n\n\n<p><strong>DECEMBRE<\/strong>; Aulnay L\u2019Aitre, St Amand la Cense, St Amand Est, Walmy, Walmy les Maigneux,<\/p>\n\n\n\n<p><mark style=\"background-color:rgba(0, 0, 0, 0)\" class=\"has-inline-color has-neve-link-hover-color-color\"><strong>Allez on en reprendra un petit peu: Merci!!<\/strong><\/mark><\/p>\n\n\n\n<p><strong>MARS 2024<\/strong>  Fontaine en Dormois,  La Neuville au Pont, Maffrecourt , <strong><mark style=\"background-color:rgba(0, 0, 0, 0)\" class=\"has-inline-color has-nv-c-2-color\">Ferebrianges<\/mark><\/strong>,  Ablancourt,  Blacy,  Couvrot,  Glannes, Maisons en Champagne,  Soulanges<\/p>\n\n\n\n<p><strong>JUILLET 2024<\/strong>  Le SMIDEP du MONT Aout (Gaye, Broussy le grand),  UDI de la CHEPPE -Cuperly,  <\/p>\n\n\n\n<p><strong>NOVEMBRE 2024 <\/strong> Saint Remy en Bouzemont, Vouarces, Bethenyville, Saint Hilaire le Petit, Dontrien , Val de Vesle,<\/p>\n\n\n\n<p><strong>AVRIL 2025 <\/strong> Com Com de Chalons UDI de Chalons, Com Com de Chalons UDI de Mourmelon le Petit, Euvy<\/p>\n\n\n\n<p><mark style=\"background-color:rgba(0, 0, 0, 0)\" class=\"has-inline-color has-neve-link-hover-color-color\"><strong>Et puis  allez, encore un peu&#8230;<\/strong><\/mark><\/p>\n\n\n\n<p>SEPTEMBRE 2025 Saint Ouen Dompront<\/p>\n\n\n\n<p><strong>OCTOBRE 2025<\/strong>  Vanault les Dames,Bassu, Bassuet, Bussy le Repos, Lisse en Champagne, Possesse, St Jean devant Possesse, SIAEP Bignicourt Etrepy, Vanault le Chatel<\/p>\n\n\n\n<p><strong>NOVEMBRE 2025<\/strong>  Fere Champenoise,<\/p>\n\n\n\n<p><strong>DECEMBRE 2025<\/strong>  UDI du SIAEP du Mont Louvet<\/p>\n\n\n\n<p><strong>FEVRIER  2026<\/strong>  Hermonville , Muizon , Hourges, Pontfaverger-Moronvilliers, Unchair<\/p>\n\n\n\n<p><mark style=\"background-color:rgba(0, 0, 0, 0)\" class=\"has-inline-color has-neve-link-hover-color-color\"><strong>Depuis un moment donc, ce sont des renouvellements qui sont  demand\u00e9s en CODERST. Les renouvellements\u00a0 signifie que\u00a0 3 ans se sont \u00e9coul\u00e9s depuis la\u00a0 1ere demande de d\u00e9rogation. La DCE (Directive Cadre Europ\u00e9enne) limite \u00e0 2 d\u00e9rogations. On voit donc des installations de traitement apparaitre. A savoir qu&rsquo;une installation peut co\u00fbter autour de plusieurs millions d&rsquo;euros \u00e0 un minimum de 200 000 euros!<\/strong><\/mark><\/p>\n\n\n\n<p><strong>L\u2019AIR \u2026.<\/strong><\/p>\n\n\n<div class=\"wp-block-image\">\n<figure class=\"alignleft size-full is-resized\"><img loading=\"lazy\" decoding=\"async\" width=\"474\" height=\"669\" src=\"https:\/\/marne-nature.fr\/wp-content\/uploads\/2024\/03\/Rue-canyon-ATMO.jpg\" alt=\"\" class=\"wp-image-202\" style=\"width:303px;height:auto\" srcset=\"https:\/\/marne-nature.fr\/wp-content\/uploads\/2024\/03\/Rue-canyon-ATMO.jpg 474w, https:\/\/marne-nature.fr\/wp-content\/uploads\/2024\/03\/Rue-canyon-ATMO-213x300.jpg 213w\" sizes=\"auto, (max-width: 474px) 100vw, 474px\" \/><\/figure><\/div>\n\n\n<p>Retrouvez les chiffres et donn\u00e9es Bilan ATMO 2022 pour Reims sur le lien suivant; On aimerait bien avoir les chiffres  2023&#8230; La ville de Reims est  la plus soumise aux pollutions dans le d\u00e9partement, et souvent compar\u00e9e \u00e0 Strasbourg pour les m\u00eames niveaux .<\/p>\n\n\n\n<p><a href=\"https:\/\/www.atmo-grandest.eu\/etude\/bilan-exposition-zone-risque-de-reims-fr44zar01\" target=\"_blank\" rel=\"noreferrer noopener\">https:\/\/www.atmo-grandest.eu\/etude\/bilan-exposition-zone-risque-de-reims-fr44zar01<\/a><\/p>\n\n\n\n<p> <strong>Il faut \u00e9viter les axes tr\u00e8s pollu\u00e9s; dans la rue, l\u2019air suit un mouvement circulaire avant de repasser en haut des toits. Changez de trottoir si de votre c\u00f4t\u00e9 vous ne respirez plus! Vous \u00eates sans doute dans ce qu\u2019on appelle une rue Canyon! Essayez vous verrez\u2026<\/strong><\/p>\n\n\n\n<p>L\u2018agglom\u00e9ration a abandonn\u00e9 son effort sur les ZFE (Zones \u00e0 Faibles Emissions); Ben oui quand Mr Macron a fait abandonner ces dispositions, la mairie a tout de suite suivi. Ces zones c\u2019\u00e9tait pour r\u00e9duire la fr\u00e9quentation automobile, mettre des voies cyclables, rendre la rue respirable en fait. Pour faire du sport dehors!<\/p>\n\n\n\n<p><a href=\"https:\/\/bas-carbone.grandreims.fr\">https:\/\/bas-c<\/a><a href=\"https:\/\/www.grandreims.fr\/cadre-de-vie-et-environnement\/developpement-durable\/strategie-bas-carbone-du-grand-reims\" target=\"_blank\" rel=\"noreferrer noopener\">arbone.grandreims<\/a><a href=\"https:\/\/bas-carbone.grandreims.fr\">.fr<\/a><\/p>\n\n\n\n\n\n<p><\/p>\n\n\n\n<p><strong>L\u2019ENVIRONNEMENT \u2026.<\/strong><\/p>\n\n\n\n<p><strong>quels projets pour Les villes?<\/strong> De la b\u00e9tonisation , de l\u2019artificialisation ! Le min\u00e9ral va remplacer le v\u00e9g\u00e9tal. Ici on n\u2019aime pas la nature , car on coupe les arbres, on&nbsp; fait place nette pour le stationnement, les acc\u00e8s etc. La notion de parc se concr\u00e9tise autour de l\u2019id\u00e9e qu\u2019en ext\u00e9rieur il faut faire du sport, du bike , du roller , du training. Sinon on invoque la s\u00e9curit\u00e9\u2026 \u00e0 voir par exemple \u00e0 Reims, la place de l\u2019h\u00f4tel de ville , le parvis de la basilique St Remi<\/p>\n\n\n\n<p>Les villes fournissent de gros efforts sur le fauchage des bords de route ; arr\u00eat des fauchages \u00e0 partir de l\u2019\u00e9poque des nich\u00e9es\/ floraisons jusqu\u2019\u00e0 l\u2019automne. Mais ce n\u2019est que l\u2019application des r\u00e9glementations qui s\u2019imposent aux villes. Et ce n\u2019est pas venu tout seul bien sur, les associations de protection de l\u2019environnement ont beaucoup \u0153uvr\u00e9 pour ces r\u00e9sultats.  Notre avis: pourraient mieux faire\u2026<\/p>\n\n\n\n<p><strong>Un dernier souci:<\/strong><\/p>\n\n\n\n<p>Les villes n\u2019ont plus beaucoup de terres pour construire et doivent rechercher de nouveaux espaces de d\u00e9veloppement. Les terres constructibles sont prises sur les terres agricoles le plus souvent. Quand on voit les progr\u00e8s de l\u2019artificialisation (la Marne est le pire d\u00e9partement sur cette question) on s\u2019inqui\u00e8te sur la question de l\u2019alimentation.  Vous avez connu les ruptures d\u2019approvisionnement en moutarde? Il y en aura d\u2019autres, peut-\u00eatre bien plus g\u00eanantes.<\/p>\n\n\n\n<p>Il existe des P.A.T. (Plan Alimentaire Territorial) sur le triangle Marnais,sur  le secteur de Reims. Mais il faudrait que des terres soient r\u00e9serv\u00e9es \u00e0 la production de l\u00e9gumes ou de produits consommables sur place. On va pas manger que de la farine et du sucre avec du champagne et de l\u2019huile de colza.<\/p>\n\n\n\n<p>La foret demanderait \u00e0 elle seule une analyse compl\u00e8te. La for\u00eat est peu pr\u00e9sente dans le centre de ce d\u00e9partement (Champagne crayeuse), alors que l\u2019Ouest et l\u2019Est sont fortement bois\u00e9s. Globalement, la for\u00eat occupe 156.000 ha (19 % de la surface du d\u00e9partement). Elle est priv\u00e9e aux deux tiers. Le reste est donc fortement sollicit\u00e9, pour des usages concurrents.<\/p>\n\n\n\n<p>Pour les chiffres foret suivez le lien suivant:<\/p>\n\n\n\n<p><a href=\"https:\/\/grandest.cnpf.fr\/le-cnpf-et-la-foret-privee\/la-foret-regionale\/la-foret-du-grand-est\" target=\"_blank\" rel=\"noreferrer noopener\">https:\/\/grandest.cnpf.fr\/le-cnpf-et-la-foret-privee\/la-foret-regionale\/la-foret-du-grand-est<\/a><\/p>\n\n\n\n<p><\/p>\n\n\n\n<p><\/p>\n\n\n\n<p><\/p>\n","protected":false},"excerpt":{"rendered":"<p>Situation g\u00e9n\u00e9rale L\u2019EAU\u2026. Les travaux de la CLE (commission locale de l\u2019Eau) ont repris. Autrefois la probl\u00e9matique \u00e9tait sur la qualit\u00e9, maintenant le grand sujet est la quantit\u00e9. La nappe&hellip;&nbsp;<a href=\"https:\/\/marne-nature.fr\/?page_id=72\" rel=\"bookmark\">Lire la suite &raquo;<span class=\"screen-reader-text\">Environnement Marnais<\/span><\/a><\/p>\n","protected":false},"author":1,"featured_media":0,"parent":0,"menu_order":0,"comment_status":"closed","ping_status":"closed","template":"","meta":{"neve_meta_sidebar":"","neve_meta_container":"","neve_meta_enable_content_width":"","neve_meta_content_width":0,"neve_meta_title_alignment":"","neve_meta_author_avatar":"","neve_post_elements_order":"","neve_meta_disable_header":"","neve_meta_disable_footer":"","neve_meta_disable_title":"","footnotes":""},"class_list":["post-72","page","type-page","status-publish","hentry"],"_links":{"self":[{"href":"https:\/\/marne-nature.fr\/index.php?rest_route=\/wp\/v2\/pages\/72","targetHints":{"allow":["GET"]}}],"collection":[{"href":"https:\/\/marne-nature.fr\/index.php?rest_route=\/wp\/v2\/pages"}],"about":[{"href":"https:\/\/marne-nature.fr\/index.php?rest_route=\/wp\/v2\/types\/page"}],"author":[{"embeddable":true,"href":"https:\/\/marne-nature.fr\/index.php?rest_route=\/wp\/v2\/users\/1"}],"replies":[{"embeddable":true,"href":"https:\/\/marne-nature.fr\/index.php?rest_route=%2Fwp%2Fv2%2Fcomments&post=72"}],"version-history":[{"count":12,"href":"https:\/\/marne-nature.fr\/index.php?rest_route=\/wp\/v2\/pages\/72\/revisions"}],"predecessor-version":[{"id":614,"href":"https:\/\/marne-nature.fr\/index.php?rest_route=\/wp\/v2\/pages\/72\/revisions\/614"}],"wp:attachment":[{"href":"https:\/\/marne-nature.fr\/index.php?rest_route=%2Fwp%2Fv2%2Fmedia&parent=72"}],"curies":[{"name":"wp","href":"https:\/\/api.w.org\/{rel}","templated":true}]}}