{"id":64,"date":"2024-02-12T09:42:54","date_gmt":"2024-02-12T08:42:54","guid":{"rendered":"https:\/\/marne-nature.fr\/?page_id=64"},"modified":"2024-02-12T09:48:26","modified_gmt":"2024-02-12T08:48:26","slug":"statuts-et-agrements","status":"publish","type":"page","link":"https:\/\/marne-nature.fr\/?page_id=64","title":{"rendered":"Statuts et agr\u00e9ments"},"content":{"rendered":"\n<p>Les STATUTS de Marne Nature sont en r\u00e9vision parce que datant de 1973.<\/p>\n\n\n\n<p>Pour autant l\u2019objet de l\u2019association est :<\/p>\n\n\n\n<ul class=\"wp-block-list\">\n<li>de sauvegarder et d\u2019am\u00e9liorer le patrimoine naturel et urbain ainsi que les ressources naturelles du d\u00e9partement de la Marne.<\/li>\n\n\n\n<li>de veiller \u00e0 la conservation , tant des esp\u00e8ces que des milieux dont elles d\u00e9pendent, ainsi qu\u2019\u00e0 celle des sites et des paysages.<\/li>\n\n\n\n<li>de rassembler et d\u2019aider toutes les personnes et associations anim\u00e9es du m\u00eame esprit<\/li>\n\n\n\n<li>de participer \u00e0 l\u2019enseignement populaire du respect de la nature.<\/li>\n<\/ul>\n\n\n\n<p>L\u2019agr\u00e9ment est une\u00a0condition sine qua non du dialogue\u00a0 environnemental : comment peut on exercer ce dialogue, si a aucun moment,<br>nous sommes en capacit\u00e9 de dire non? Mr le Pr\u00e9fet, vous nous donnez l\u2019agr\u00e9ment, nous travaillons dans les commissions , mais si<br>sur ce sujet l\u00e0 c\u2019est trop, vous devez l\u2019admettre et nous devons pouvoir aller en parler au tribunal.<br>Sinon tout \u00e7a : \u00e0 quoi bon?<\/p>\n\n\n\n<p>Pour l\u2019agr\u00e9ment pr\u00e9fectoral 2019\u00a0vous pouvez en prendre connaissance en cliquant\u00a0ci-dessous :<\/p>\n\n\n\n<div data-wp-interactive=\"core\/file\" class=\"wp-block-file\"><object data-wp-bind--hidden=\"!state.hasPdfPreview\" hidden class=\"wp-block-file__embed\" data=\"https:\/\/marne-nature.fr\/wp-content\/uploads\/2024\/02\/STATUTS-MNE-2020.pdf\" type=\"application\/pdf\" style=\"width:100%;height:600px\" aria-label=\"Contenu embarqu\u00e9 STATUTS-MNE-2020.\"><\/object><a id=\"wp-block-file--media-87e30ab9-e236-4db4-bd87-ee1107e9a9bb\" href=\"https:\/\/marne-nature.fr\/wp-content\/uploads\/2024\/02\/STATUTS-MNE-2020.pdf\">STATUTS-MNE-2020<\/a><a href=\"https:\/\/marne-nature.fr\/wp-content\/uploads\/2024\/02\/STATUTS-MNE-2020.pdf\" class=\"wp-block-file__button wp-element-button\" download aria-describedby=\"wp-block-file--media-87e30ab9-e236-4db4-bd87-ee1107e9a9bb\">T\u00e9l\u00e9charger<\/a><\/div>\n","protected":false},"excerpt":{"rendered":"<p>Les STATUTS de Marne Nature sont en r\u00e9vision parce que datant de 1973. Pour autant l\u2019objet de l\u2019association est : L\u2019agr\u00e9ment est une\u00a0condition sine qua non du dialogue\u00a0 environnemental :&hellip;&nbsp;<a href=\"https:\/\/marne-nature.fr\/?page_id=64\" rel=\"bookmark\">Lire la suite &raquo;<span class=\"screen-reader-text\">Statuts et agr\u00e9ments<\/span><\/a><\/p>\n","protected":false},"author":1,"featured_media":0,"parent":0,"menu_order":0,"comment_status":"closed","ping_status":"closed","template":"","meta":{"neve_meta_sidebar":"","neve_meta_container":"","neve_meta_enable_content_width":"","neve_meta_content_width":0,"neve_meta_title_alignment":"","neve_meta_author_avatar":"","neve_post_elements_order":"","neve_meta_disable_header":"","neve_meta_disable_footer":"","neve_meta_disable_title":"","footnotes":""},"class_list":["post-64","page","type-page","status-publish","hentry"],"_links":{"self":[{"href":"https:\/\/marne-nature.fr\/index.php?rest_route=\/wp\/v2\/pages\/64","targetHints":{"allow":["GET"]}}],"collection":[{"href":"https:\/\/marne-nature.fr\/index.php?rest_route=\/wp\/v2\/pages"}],"about":[{"href":"https:\/\/marne-nature.fr\/index.php?rest_route=\/wp\/v2\/types\/page"}],"author":[{"embeddable":true,"href":"https:\/\/marne-nature.fr\/index.php?rest_route=\/wp\/v2\/users\/1"}],"replies":[{"embeddable":true,"href":"https:\/\/marne-nature.fr\/index.php?rest_route=%2Fwp%2Fv2%2Fcomments&post=64"}],"version-history":[{"count":2,"href":"https:\/\/marne-nature.fr\/index.php?rest_route=\/wp\/v2\/pages\/64\/revisions"}],"predecessor-version":[{"id":71,"href":"https:\/\/marne-nature.fr\/index.php?rest_route=\/wp\/v2\/pages\/64\/revisions\/71"}],"wp:attachment":[{"href":"https:\/\/marne-nature.fr\/index.php?rest_route=%2Fwp%2Fv2%2Fmedia&parent=64"}],"curies":[{"name":"wp","href":"https:\/\/api.w.org\/{rel}","templated":true}]}}