{"id":60,"date":"2024-02-12T09:37:23","date_gmt":"2024-02-12T08:37:23","guid":{"rendered":"https:\/\/marne-nature.fr\/?page_id=60"},"modified":"2024-05-21T10:24:36","modified_gmt":"2024-05-21T08:24:36","slug":"qui-sommes-nous","status":"publish","type":"page","link":"https:\/\/marne-nature.fr\/?page_id=60","title":{"rendered":"Qui sommes nous?"},"content":{"rendered":"\n<h2 class=\"wp-block-heading has-nv-c-1-color has-text-color has-link-color wp-elements-f744a96aad39847e99354cabf7139909\">MARNE NATURE ENVIRONNEMENT<\/h2>\n\n\n\n<p>Pr\u00e9sident : <strong>Fr\u00e9d\u00e9ric P\u00e9rard<\/strong><br>Tr\u00e9sorier : <strong>Veronique Chemin<\/strong><br>Secr\u00e9taire : <strong>Annie Olivier<\/strong><\/p>\n\n\n\n<p class=\"has-text-color has-link-color wp-elements-840795984f8710b3970d1c8a5c339baa\" style=\"color:#27438a\">Le 8 f\u00e9vrier 1973 se cr\u00e9ait l\u2019Association de protection de la nature et de d\u00e9fense de l\u2019Environnement&nbsp; dite \u00ab&nbsp;Marne Environnement&nbsp;\u00bb.<br>Agr\u00e9\u00e9e le 20 f\u00e9vrier 1980 sur le plan d\u00e9partemental au titre de l\u2019art. L 160-1 du Code de l\u2019Urbanisme ainsi qu\u2019au titre de l\u2019art. 40 de la loi n\u00b0 76-629 du 10 juillet 1976 relative \u00e0 la protection de la nature.<\/p>\n\n\n\n<p>Nous participons au d\u00e9bat sur l\u2019environnement avec&nbsp; toutes les parties de la soci\u00e9t\u00e9 et nous nous inscrivons dans le mouvement France Nature&nbsp; (FNE).<br>Nous faisons de la veille environnementale et aussi nous&nbsp; participons \u00e0 tous les \u00e9v\u00e9nements locaux qui ont pour sujet&nbsp; l\u2019environnement.<br>Nous avons des actions&nbsp; d\u2019\u00e9ducation \u00e0 l\u2019environnement et&nbsp; de protection&nbsp; de la&nbsp; nature.<\/p>\n\n\n\n<p class=\"has-text-color has-link-color wp-elements-07601fc673287c77c9b89f54663eeb55\" style=\"color:#2098de\">Pour nous rejoindre ou nous soutenir rejoignez nous. Nous recherchons des contacts et des comp\u00e9tences\u2026<br>La cotisation individuelle est de 20 euros pour l\u2019ann\u00e9e 2024.<br>La cotisation familiale est fix\u00e9e \u00e0 30 euros.<br>Pour les associations qui souhaiteraient nous rejoindre la cotisation est de 40 euros.<\/p>\n","protected":false},"excerpt":{"rendered":"<p>MARNE NATURE ENVIRONNEMENT Pr\u00e9sident : Fr\u00e9d\u00e9ric P\u00e9rardTr\u00e9sorier : Veronique CheminSecr\u00e9taire : Annie Olivier Le 8 f\u00e9vrier 1973 se cr\u00e9ait l\u2019Association de protection de la nature et de d\u00e9fense de l\u2019Environnement&nbsp;&hellip;&nbsp;<a href=\"https:\/\/marne-nature.fr\/?page_id=60\" rel=\"bookmark\">Lire la suite &raquo;<span class=\"screen-reader-text\">Qui sommes nous?<\/span><\/a><\/p>\n","protected":false},"author":1,"featured_media":0,"parent":0,"menu_order":0,"comment_status":"closed","ping_status":"closed","template":"","meta":{"neve_meta_sidebar":"","neve_meta_container":"","neve_meta_enable_content_width":"","neve_meta_content_width":0,"neve_meta_title_alignment":"","neve_meta_author_avatar":"","neve_post_elements_order":"","neve_meta_disable_header":"","neve_meta_disable_footer":"","neve_meta_disable_title":"","footnotes":""},"class_list":["post-60","page","type-page","status-publish","hentry"],"_links":{"self":[{"href":"https:\/\/marne-nature.fr\/index.php?rest_route=\/wp\/v2\/pages\/60","targetHints":{"allow":["GET"]}}],"collection":[{"href":"https:\/\/marne-nature.fr\/index.php?rest_route=\/wp\/v2\/pages"}],"about":[{"href":"https:\/\/marne-nature.fr\/index.php?rest_route=\/wp\/v2\/types\/page"}],"author":[{"embeddable":true,"href":"https:\/\/marne-nature.fr\/index.php?rest_route=\/wp\/v2\/users\/1"}],"replies":[{"embeddable":true,"href":"https:\/\/marne-nature.fr\/index.php?rest_route=%2Fwp%2Fv2%2Fcomments&post=60"}],"version-history":[{"count":4,"href":"https:\/\/marne-nature.fr\/index.php?rest_route=\/wp\/v2\/pages\/60\/revisions"}],"predecessor-version":[{"id":394,"href":"https:\/\/marne-nature.fr\/index.php?rest_route=\/wp\/v2\/pages\/60\/revisions\/394"}],"wp:attachment":[{"href":"https:\/\/marne-nature.fr\/index.php?rest_route=%2Fwp%2Fv2%2Fmedia&parent=60"}],"curies":[{"name":"wp","href":"https:\/\/api.w.org\/{rel}","templated":true}]}}