{"id":529,"date":"2025-04-16T18:14:21","date_gmt":"2025-04-16T16:14:21","guid":{"rendered":"https:\/\/marne-nature.fr\/?page_id=529"},"modified":"2026-02-18T16:08:52","modified_gmt":"2026-02-18T15:08:52","slug":"les-trilles-du-troglo","status":"publish","type":"page","link":"https:\/\/marne-nature.fr\/?page_id=529","title":{"rendered":"LES TRILLES du TROGLO"},"content":{"rendered":"\n<p>C&rsquo;est le nom du journal de MNE \u00e0 parution al\u00e9atoire<\/p>\n\n\n\n<figure class=\"wp-block-image size-full\"><img loading=\"lazy\" decoding=\"async\" width=\"790\" height=\"199\" src=\"https:\/\/marne-nature.fr\/wp-content\/uploads\/2025\/04\/TRILLE-1.png\" alt=\"\" class=\"wp-image-537\" srcset=\"https:\/\/marne-nature.fr\/wp-content\/uploads\/2025\/04\/TRILLE-1.png 790w, https:\/\/marne-nature.fr\/wp-content\/uploads\/2025\/04\/TRILLE-1-300x76.png 300w, https:\/\/marne-nature.fr\/wp-content\/uploads\/2025\/04\/TRILLE-1-768x193.png 768w\" sizes=\"auto, (max-width: 790px) 100vw, 790px\" \/><\/figure>\n\n\n\n<p>Voici le numero de janvier 2026  tout frais&#8230;<\/p>\n\n\n\n<div data-wp-interactive=\"core\/file\" class=\"wp-block-file\"><object data-wp-bind--hidden=\"!state.hasPdfPreview\" hidden class=\"wp-block-file__embed\" data=\"https:\/\/marne-nature.fr\/wp-content\/uploads\/2026\/02\/janvier-26.pdf\" type=\"application\/pdf\" style=\"width:100%;height:600px\" aria-label=\"Contenu embarqu\u00e9 janvier 26.\"><\/object><a id=\"wp-block-file--media-6d432eed-248c-4b52-9b36-2247aa628ce1\" href=\"https:\/\/marne-nature.fr\/wp-content\/uploads\/2026\/02\/janvier-26.pdf\">janvier 26<\/a><a href=\"https:\/\/marne-nature.fr\/wp-content\/uploads\/2026\/02\/janvier-26.pdf\" class=\"wp-block-file__button wp-element-button\" download aria-describedby=\"wp-block-file--media-6d432eed-248c-4b52-9b36-2247aa628ce1\">T\u00e9l\u00e9charger<\/a><\/div>\n\n\n\n<p><\/p>\n\n\n\n<p>le dernier num\u00e9ro de dec 2024 est un sp\u00e9cial CASTOR ! DECEMBRE 2024<\/p>\n\n\n\n<p><\/p>\n\n\n\n<div data-wp-interactive=\"core\/file\" class=\"wp-block-file\"><object data-wp-bind--hidden=\"!state.hasPdfPreview\" hidden class=\"wp-block-file__embed\" data=\"https:\/\/marne-nature.fr\/wp-content\/uploads\/2025\/04\/trilles-MAIL-decembre-2024-1-1.pdf\" type=\"application\/pdf\" style=\"width:100%;height:600px\" aria-label=\"Contenu embarqu\u00e9 trilles MAIL d\u00e9cembre 2024.\"><\/object><a id=\"wp-block-file--media-963dd3f7-0b73-422b-8e5a-b86a31d0a749\" href=\"https:\/\/marne-nature.fr\/wp-content\/uploads\/2025\/04\/trilles-MAIL-decembre-2024-1-1.pdf\">trilles MAIL d\u00e9cembre 2024<\/a><a href=\"https:\/\/marne-nature.fr\/wp-content\/uploads\/2025\/04\/trilles-MAIL-decembre-2024-1-1.pdf\" class=\"wp-block-file__button wp-element-button\" download aria-describedby=\"wp-block-file--media-963dd3f7-0b73-422b-8e5a-b86a31d0a749\">T\u00e9l\u00e9charger<\/a><\/div>\n\n\n\n<div data-wp-interactive=\"core\/file\" class=\"wp-block-file\"><object data-wp-bind--hidden=\"!state.hasPdfPreview\" hidden class=\"wp-block-file__embed\" data=\"https:\/\/marne-nature.fr\/wp-content\/uploads\/2025\/04\/TRILLE-janvier-2024.pdf\" type=\"application\/pdf\" style=\"width:100%;height:600px\" aria-label=\"Contenu embarqu\u00e9 TRILLE janvier  2024.\"><\/object><a id=\"wp-block-file--media-f13f6044-083a-4700-8908-7b2cd86e9c44\" href=\"https:\/\/marne-nature.fr\/wp-content\/uploads\/2025\/04\/TRILLE-janvier-2024.pdf\">TRILLE janvier  2024<\/a><a href=\"https:\/\/marne-nature.fr\/wp-content\/uploads\/2025\/04\/TRILLE-janvier-2024.pdf\" class=\"wp-block-file__button wp-element-button\" download aria-describedby=\"wp-block-file--media-f13f6044-083a-4700-8908-7b2cd86e9c44\">T\u00e9l\u00e9charger<\/a><\/div>\n\n\n\n<div data-wp-interactive=\"core\/file\" class=\"wp-block-file\"><object data-wp-bind--hidden=\"!state.hasPdfPreview\" hidden class=\"wp-block-file__embed\" data=\"https:\/\/marne-nature.fr\/wp-content\/uploads\/2025\/04\/trille-mars-2023.pdf\" type=\"application\/pdf\" style=\"width:100%;height:600px\" aria-label=\"Contenu embarqu\u00e9 trille mars 2023.\"><\/object><a id=\"wp-block-file--media-aef7b3ad-8a17-42ff-8430-cd5c796805fe\" href=\"https:\/\/marne-nature.fr\/wp-content\/uploads\/2025\/04\/trille-mars-2023.pdf\">trille mars 2023<\/a><a href=\"https:\/\/marne-nature.fr\/wp-content\/uploads\/2025\/04\/trille-mars-2023.pdf\" class=\"wp-block-file__button wp-element-button\" download aria-describedby=\"wp-block-file--media-aef7b3ad-8a17-42ff-8430-cd5c796805fe\">T\u00e9l\u00e9charger<\/a><\/div>\n","protected":false},"excerpt":{"rendered":"<p>C&rsquo;est le nom du journal de MNE \u00e0 parution al\u00e9atoire Voici le numero de janvier 2026 tout frais&#8230; le dernier num\u00e9ro de dec 2024 est un sp\u00e9cial CASTOR ! DECEMBRE&hellip;&nbsp;<a href=\"https:\/\/marne-nature.fr\/?page_id=529\" rel=\"bookmark\">Lire la suite &raquo;<span class=\"screen-reader-text\">LES TRILLES du TROGLO<\/span><\/a><\/p>\n","protected":false},"author":1,"featured_media":534,"parent":0,"menu_order":0,"comment_status":"closed","ping_status":"closed","template":"","meta":{"neve_meta_sidebar":"","neve_meta_container":"","neve_meta_enable_content_width":"","neve_meta_content_width":0,"neve_meta_title_alignment":"","neve_meta_author_avatar":"","neve_post_elements_order":"","neve_meta_disable_header":"","neve_meta_disable_footer":"","neve_meta_disable_title":"","footnotes":""},"class_list":["post-529","page","type-page","status-publish","has-post-thumbnail","hentry"],"_links":{"self":[{"href":"https:\/\/marne-nature.fr\/index.php?rest_route=\/wp\/v2\/pages\/529","targetHints":{"allow":["GET"]}}],"collection":[{"href":"https:\/\/marne-nature.fr\/index.php?rest_route=\/wp\/v2\/pages"}],"about":[{"href":"https:\/\/marne-nature.fr\/index.php?rest_route=\/wp\/v2\/types\/page"}],"author":[{"embeddable":true,"href":"https:\/\/marne-nature.fr\/index.php?rest_route=\/wp\/v2\/users\/1"}],"replies":[{"embeddable":true,"href":"https:\/\/marne-nature.fr\/index.php?rest_route=%2Fwp%2Fv2%2Fcomments&post=529"}],"version-history":[{"count":6,"href":"https:\/\/marne-nature.fr\/index.php?rest_route=\/wp\/v2\/pages\/529\/revisions"}],"predecessor-version":[{"id":617,"href":"https:\/\/marne-nature.fr\/index.php?rest_route=\/wp\/v2\/pages\/529\/revisions\/617"}],"wp:featuredmedia":[{"embeddable":true,"href":"https:\/\/marne-nature.fr\/index.php?rest_route=\/wp\/v2\/media\/534"}],"wp:attachment":[{"href":"https:\/\/marne-nature.fr\/index.php?rest_route=%2Fwp%2Fv2%2Fmedia&parent=529"}],"curies":[{"name":"wp","href":"https:\/\/api.w.org\/{rel}","templated":true}]}}