{"id":467,"date":"2024-12-08T09:36:46","date_gmt":"2024-12-08T08:36:46","guid":{"rendered":"https:\/\/marne-nature.fr\/?page_id=467"},"modified":"2024-12-08T10:14:50","modified_gmt":"2024-12-08T09:14:50","slug":"vive-le-loup","status":"publish","type":"page","link":"https:\/\/marne-nature.fr\/?page_id=467","title":{"rendered":"VIVE LE LOUP!"},"content":{"rendered":"\n<p>Depuis plusieurs ann\u00e9es, on voit arriver dans la Marne des loups le plus souvent des jeunes m\u00e2les qui sont en dispersion pour coloniser de nouveaux territoires. Rassurez vous c&rsquo;est de l&rsquo;ordre de   \u00e0 quatre individus en maintenant  5 ans.<\/p>\n\n\n\n<p>Le premier fut abattu imm\u00e9diatement, un autre a \u00e9t\u00e9 vu se rendant en Bretagne? Il faut rappeler que le loup est une esp\u00e8ce prot\u00e9g\u00e9e; le d\u00e9truire peut co\u00fbter jusqu&rsquo;\u00e0 5 ans de prison et  150 000 \u20ac d&rsquo;amende.<\/p>\n\n\n\n<p>Quelle est la position de Marne Nature sur  la r\u00e9introduction du loup , sa pr\u00e9sence sur le territoire.<\/p>\n\n\n\n<p>Nous avons \u00e9crit au pr\u00e9fet pour nous expliquer: vous trouverez le texte dans le lien suivant <a href=\"http:\/\/marne-nature.fr\/wp-content\/uploads\/2024\/12\/LOUP.pdf\" data-type=\"link\" data-id=\"http:\/\/marne-nature.fr\/wp-content\/uploads\/2024\/12\/LOUP.pdf\" target=\"_blank\" rel=\"noreferrer noopener\">Courrier adress\u00e9 \u00e0 la CDCFS<\/a><\/p>\n\n\n\n<p>Nous avons aussi r\u00e9alis\u00e9 une petite expo itin\u00e9rante pour expliquer l&rsquo;\u00e9thologie du loup et autres informations d\u2019int\u00e9r\u00eat sur lui<\/p>\n\n\n\n<p>Merci \u00e0 l&rsquo;OFB et aux associations qui travaillent sur le loup. Il faut savoir que  tous les loups sont suivis toutes leurs traces recherch\u00e9es et analys\u00e9es. L&rsquo;ADN est recherch\u00e9, aussi il est possible de dire o\u00f9 sont pass\u00e9s les animaux et aussi de conna\u00eetre leurs proies et les \u00e9ventuels dommages caus\u00e9s.<\/p>\n\n\n<div class=\"wp-block-image\">\n<figure class=\"alignright size-large is-resized\"><img loading=\"lazy\" decoding=\"async\" width=\"1024\" height=\"724\" src=\"https:\/\/marne-nature.fr\/wp-content\/uploads\/2024\/12\/Le-loup-La-situation-de-lespece-1024x724.png\" alt=\"\" class=\"wp-image-469\" style=\"width:460px;height:auto\" srcset=\"https:\/\/marne-nature.fr\/wp-content\/uploads\/2024\/12\/Le-loup-La-situation-de-lespece-1024x724.png 1024w, https:\/\/marne-nature.fr\/wp-content\/uploads\/2024\/12\/Le-loup-La-situation-de-lespece-300x212.png 300w, https:\/\/marne-nature.fr\/wp-content\/uploads\/2024\/12\/Le-loup-La-situation-de-lespece-768x543.png 768w, https:\/\/marne-nature.fr\/wp-content\/uploads\/2024\/12\/Le-loup-La-situation-de-lespece-1536x1086.png 1536w, https:\/\/marne-nature.fr\/wp-content\/uploads\/2024\/12\/Le-loup-La-situation-de-lespece-2048x1448.png 2048w\" sizes=\"auto, (max-width: 1024px) 100vw, 1024px\" \/><\/figure><\/div>\n\n\n<figure class=\"wp-block-image size-large is-resized\"><img loading=\"lazy\" decoding=\"async\" width=\"1024\" height=\"724\" src=\"https:\/\/marne-nature.fr\/wp-content\/uploads\/2024\/12\/Le-loup-les-indices-de-presence1-1024x724.png\" alt=\"\" class=\"wp-image-470\" style=\"width:488px;height:auto\" srcset=\"https:\/\/marne-nature.fr\/wp-content\/uploads\/2024\/12\/Le-loup-les-indices-de-presence1-1024x724.png 1024w, https:\/\/marne-nature.fr\/wp-content\/uploads\/2024\/12\/Le-loup-les-indices-de-presence1-300x212.png 300w, https:\/\/marne-nature.fr\/wp-content\/uploads\/2024\/12\/Le-loup-les-indices-de-presence1-768x543.png 768w, https:\/\/marne-nature.fr\/wp-content\/uploads\/2024\/12\/Le-loup-les-indices-de-presence1-1536x1086.png 1536w, https:\/\/marne-nature.fr\/wp-content\/uploads\/2024\/12\/Le-loup-les-indices-de-presence1-2048x1448.png 2048w\" sizes=\"auto, (max-width: 1024px) 100vw, 1024px\" \/><\/figure>\n\n\n<div class=\"wp-block-image\">\n<figure class=\"alignleft size-large is-resized\"><img loading=\"lazy\" decoding=\"async\" width=\"1024\" height=\"729\" src=\"https:\/\/marne-nature.fr\/wp-content\/uploads\/2024\/12\/Loup-Les-allures1-1024x729.png\" alt=\"\" class=\"wp-image-472\" style=\"width:485px;height:auto\" srcset=\"https:\/\/marne-nature.fr\/wp-content\/uploads\/2024\/12\/Loup-Les-allures1-1024x729.png 1024w, https:\/\/marne-nature.fr\/wp-content\/uploads\/2024\/12\/Loup-Les-allures1-300x213.png 300w, https:\/\/marne-nature.fr\/wp-content\/uploads\/2024\/12\/Loup-Les-allures1-768x547.png 768w, https:\/\/marne-nature.fr\/wp-content\/uploads\/2024\/12\/Loup-Les-allures1-1536x1093.png 1536w, https:\/\/marne-nature.fr\/wp-content\/uploads\/2024\/12\/Loup-Les-allures1-2048x1457.png 2048w\" sizes=\"auto, (max-width: 1024px) 100vw, 1024px\" \/><\/figure><\/div>\n\n<div class=\"wp-block-image\">\n<figure class=\"alignright size-large is-resized\"><img loading=\"lazy\" decoding=\"async\" width=\"1024\" height=\"724\" src=\"https:\/\/marne-nature.fr\/wp-content\/uploads\/2024\/12\/Le-Loup-morpho-ethologie1-1024x724.png\" alt=\"\" class=\"wp-image-471\" style=\"width:483px;height:auto\" srcset=\"https:\/\/marne-nature.fr\/wp-content\/uploads\/2024\/12\/Le-Loup-morpho-ethologie1-1024x724.png 1024w, https:\/\/marne-nature.fr\/wp-content\/uploads\/2024\/12\/Le-Loup-morpho-ethologie1-300x212.png 300w, https:\/\/marne-nature.fr\/wp-content\/uploads\/2024\/12\/Le-Loup-morpho-ethologie1-768x543.png 768w, https:\/\/marne-nature.fr\/wp-content\/uploads\/2024\/12\/Le-Loup-morpho-ethologie1-1536x1086.png 1536w, https:\/\/marne-nature.fr\/wp-content\/uploads\/2024\/12\/Le-Loup-morpho-ethologie1-2048x1448.png 2048w\" sizes=\"auto, (max-width: 1024px) 100vw, 1024px\" \/><\/figure><\/div>\n\n\n<p><\/p>\n","protected":false},"excerpt":{"rendered":"<p>Depuis plusieurs ann\u00e9es, on voit arriver dans la Marne des loups le plus souvent des jeunes m\u00e2les qui sont en dispersion pour coloniser de nouveaux territoires. Rassurez vous c&rsquo;est de&hellip;&nbsp;<a href=\"https:\/\/marne-nature.fr\/?page_id=467\" rel=\"bookmark\">Lire la suite &raquo;<span class=\"screen-reader-text\">VIVE LE LOUP!<\/span><\/a><\/p>\n","protected":false},"author":1,"featured_media":0,"parent":0,"menu_order":0,"comment_status":"closed","ping_status":"closed","template":"","meta":{"neve_meta_sidebar":"","neve_meta_container":"","neve_meta_enable_content_width":"","neve_meta_content_width":0,"neve_meta_title_alignment":"","neve_meta_author_avatar":"","neve_post_elements_order":"","neve_meta_disable_header":"","neve_meta_disable_footer":"","neve_meta_disable_title":"","footnotes":""},"class_list":["post-467","page","type-page","status-publish","hentry"],"_links":{"self":[{"href":"https:\/\/marne-nature.fr\/index.php?rest_route=\/wp\/v2\/pages\/467","targetHints":{"allow":["GET"]}}],"collection":[{"href":"https:\/\/marne-nature.fr\/index.php?rest_route=\/wp\/v2\/pages"}],"about":[{"href":"https:\/\/marne-nature.fr\/index.php?rest_route=\/wp\/v2\/types\/page"}],"author":[{"embeddable":true,"href":"https:\/\/marne-nature.fr\/index.php?rest_route=\/wp\/v2\/users\/1"}],"replies":[{"embeddable":true,"href":"https:\/\/marne-nature.fr\/index.php?rest_route=%2Fwp%2Fv2%2Fcomments&post=467"}],"version-history":[{"count":9,"href":"https:\/\/marne-nature.fr\/index.php?rest_route=\/wp\/v2\/pages\/467\/revisions"}],"predecessor-version":[{"id":487,"href":"https:\/\/marne-nature.fr\/index.php?rest_route=\/wp\/v2\/pages\/467\/revisions\/487"}],"wp:attachment":[{"href":"https:\/\/marne-nature.fr\/index.php?rest_route=%2Fwp%2Fv2%2Fmedia&parent=467"}],"curies":[{"name":"wp","href":"https:\/\/api.w.org\/{rel}","templated":true}]}}