{"id":387,"date":"2024-05-15T15:55:47","date_gmt":"2024-05-15T13:55:47","guid":{"rendered":"https:\/\/marne-nature.fr\/?page_id=387"},"modified":"2024-05-15T16:04:19","modified_gmt":"2024-05-15T14:04:19","slug":"marne-nature-environnement","status":"publish","type":"page","link":"https:\/\/marne-nature.fr\/?page_id=387","title":{"rendered":"MARNE NATURE ENVIRONNEMENT"},"content":{"rendered":"\n<figure class=\"wp-block-image size-full is-resized\"><img loading=\"lazy\" decoding=\"async\" width=\"848\" height=\"854\" src=\"https:\/\/marne-nature.fr\/wp-content\/uploads\/2024\/05\/logo.gif\" alt=\"\" class=\"wp-image-390\" style=\"width:571px;height:auto\"\/><\/figure>\n\n\n\n<p>MNE est une association  ancienne (1976) qui a particip\u00e9 \u00e0 la cr\u00e9ation du mouvement France Nature Environnement.<\/p>\n\n\n\n<p>Plusieurs pr\u00e9sidents se sont succ\u00e9d\u00e9s pour faire vivre cette association. Michel Olivier,    bien d&rsquo;autres encore: qu&rsquo;ils en soient ici remerci\u00e9s.<\/p>\n\n\n\n<p>Aujourd&rsquo;hui Marne Nature a besoin de b\u00e9n\u00e9voles qui voudraient s&rsquo;engager sur un sujet qui leur tient \u00e0 c\u0153ur. Nous aidons  les collectifs et associations locales  dans la d\u00e9fense de leur environnement. Alors rejoignez nous.<\/p>\n","protected":false},"excerpt":{"rendered":"<p>MNE est une association ancienne (1976) qui a particip\u00e9 \u00e0 la cr\u00e9ation du mouvement France Nature Environnement. Plusieurs pr\u00e9sidents se sont succ\u00e9d\u00e9s pour faire vivre cette association. Michel Olivier, bien&hellip;&nbsp;<a href=\"https:\/\/marne-nature.fr\/?page_id=387\" rel=\"bookmark\">Lire la suite &raquo;<span class=\"screen-reader-text\">MARNE NATURE ENVIRONNEMENT<\/span><\/a><\/p>\n","protected":false},"author":1,"featured_media":0,"parent":0,"menu_order":0,"comment_status":"closed","ping_status":"closed","template":"","meta":{"neve_meta_sidebar":"default","neve_meta_container":"","neve_meta_enable_content_width":"on","neve_meta_content_width":95,"neve_meta_title_alignment":"center","neve_meta_author_avatar":"","neve_post_elements_order":"","neve_meta_disable_header":"","neve_meta_disable_footer":"","neve_meta_disable_title":"","footnotes":""},"class_list":["post-387","page","type-page","status-publish","hentry"],"_links":{"self":[{"href":"https:\/\/marne-nature.fr\/index.php?rest_route=\/wp\/v2\/pages\/387","targetHints":{"allow":["GET"]}}],"collection":[{"href":"https:\/\/marne-nature.fr\/index.php?rest_route=\/wp\/v2\/pages"}],"about":[{"href":"https:\/\/marne-nature.fr\/index.php?rest_route=\/wp\/v2\/types\/page"}],"author":[{"embeddable":true,"href":"https:\/\/marne-nature.fr\/index.php?rest_route=\/wp\/v2\/users\/1"}],"replies":[{"embeddable":true,"href":"https:\/\/marne-nature.fr\/index.php?rest_route=%2Fwp%2Fv2%2Fcomments&post=387"}],"version-history":[{"count":3,"href":"https:\/\/marne-nature.fr\/index.php?rest_route=\/wp\/v2\/pages\/387\/revisions"}],"predecessor-version":[{"id":391,"href":"https:\/\/marne-nature.fr\/index.php?rest_route=\/wp\/v2\/pages\/387\/revisions\/391"}],"wp:attachment":[{"href":"https:\/\/marne-nature.fr\/index.php?rest_route=%2Fwp%2Fv2%2Fmedia&parent=387"}],"curies":[{"name":"wp","href":"https:\/\/api.w.org\/{rel}","templated":true}]}}