{"id":278,"date":"2024-04-04T13:47:06","date_gmt":"2024-04-04T11:47:06","guid":{"rendered":"https:\/\/marne-nature.fr\/?page_id=278"},"modified":"2024-04-04T13:47:07","modified_gmt":"2024-04-04T11:47:07","slug":"chasse-photographique","status":"publish","type":"page","link":"https:\/\/marne-nature.fr\/?page_id=278","title":{"rendered":"Chasse photographique"},"content":{"rendered":"\n<h2 class=\"wp-block-heading\"><em>Visiteurs du soir ou du jour..<\/em><\/h2>\n\n\n\n<figure class=\"wp-block-image size-full is-resized\"><a href=\"https:\/\/marne-nature.fr\/wp-content\/uploads\/2024\/04\/chasse-photo.png\"><img loading=\"lazy\" decoding=\"async\" width=\"610\" height=\"113\" src=\"https:\/\/marne-nature.fr\/wp-content\/uploads\/2024\/04\/chasse-photo.png\" alt=\"\" class=\"wp-image-279\" style=\"width:961px;height:auto\" srcset=\"https:\/\/marne-nature.fr\/wp-content\/uploads\/2024\/04\/chasse-photo.png 610w, https:\/\/marne-nature.fr\/wp-content\/uploads\/2024\/04\/chasse-photo-300x56.png 300w\" sizes=\"auto, (max-width: 610px) 100vw, 610px\" \/><\/a><\/figure>\n\n\n\n<figure class=\"wp-block-image size-full is-resized\"><a href=\"https:\/\/marne-nature.fr\/wp-content\/uploads\/2024\/04\/chasse-photo2.png\"><img loading=\"lazy\" decoding=\"async\" width=\"465\" height=\"115\" src=\"https:\/\/marne-nature.fr\/wp-content\/uploads\/2024\/04\/chasse-photo2.png\" alt=\"\" class=\"wp-image-280\" style=\"width:954px;height:auto\" srcset=\"https:\/\/marne-nature.fr\/wp-content\/uploads\/2024\/04\/chasse-photo2.png 465w, https:\/\/marne-nature.fr\/wp-content\/uploads\/2024\/04\/chasse-photo2-300x74.png 300w\" sizes=\"auto, (max-width: 465px) 100vw, 465px\" \/><\/a><\/figure>\n\n\n\n<h2 class=\"wp-block-heading\">Marne Nature propose un nouveau service \u00e0 ses adh\u00e9rents ou aupr\u00e8s des particuliers<\/h2>\n\n\n\n<p>Qui vient diner chez vous?<\/p>\n\n\n\n<p>Dans nos jardins bon nombre d\u2019animaux viennent boire ou manger\u2026.<\/p>\n\n\n\n<p>Mais nous avons aussi parfois d\u2019autres traces : crottes, poils, plumes, traces\u2026<\/p>\n\n\n\n<p>Parfois on retrouve ces pistes au matin.<br>Alors comment faire pour savoir quel est l\u2019intrus?<\/p>\n\n\n\n<p>Nous proposons sous conditions* d\u2019installer un pi\u00e8ge photographique afin de mener l\u2019enqu\u00eate sur votre propri\u00e9t\u00e9.<\/p>\n\n\n\n<figure class=\"wp-block-image size-full\"><a href=\"https:\/\/marne-nature.fr\/wp-content\/uploads\/2024\/04\/chasse-photo-piege.png\"><img loading=\"lazy\" decoding=\"async\" width=\"124\" height=\"144\" src=\"https:\/\/marne-nature.fr\/wp-content\/uploads\/2024\/04\/chasse-photo-piege.png\" alt=\"\" class=\"wp-image-281\"\/><\/a><\/figure>\n\n\n\n<p>De jour comme de nuit , pendant une semaine partez sur les traces de la faune sauvage de chez vous!<\/p>\n\n\n\n<p><em>Renseignements en prenant contact par mail (formulaire du site) en pr\u00e9cisant :<\/em><br><em>objet: demande du service pi\u00e8ge photo et aussi le lieu de recherche photographique.<\/em><\/p>\n","protected":false},"excerpt":{"rendered":"<p>Visiteurs du soir ou du jour.. Marne Nature propose un nouveau service \u00e0 ses adh\u00e9rents ou aupr\u00e8s des particuliers Qui vient diner chez vous? Dans nos jardins bon nombre d\u2019animaux&hellip;&nbsp;<a href=\"https:\/\/marne-nature.fr\/?page_id=278\" rel=\"bookmark\">Lire la suite &raquo;<span class=\"screen-reader-text\">Chasse photographique<\/span><\/a><\/p>\n","protected":false},"author":1,"featured_media":0,"parent":0,"menu_order":0,"comment_status":"closed","ping_status":"closed","template":"","meta":{"neve_meta_sidebar":"","neve_meta_container":"","neve_meta_enable_content_width":"","neve_meta_content_width":0,"neve_meta_title_alignment":"","neve_meta_author_avatar":"","neve_post_elements_order":"","neve_meta_disable_header":"","neve_meta_disable_footer":"","neve_meta_disable_title":"","footnotes":""},"class_list":["post-278","page","type-page","status-publish","hentry"],"_links":{"self":[{"href":"https:\/\/marne-nature.fr\/index.php?rest_route=\/wp\/v2\/pages\/278","targetHints":{"allow":["GET"]}}],"collection":[{"href":"https:\/\/marne-nature.fr\/index.php?rest_route=\/wp\/v2\/pages"}],"about":[{"href":"https:\/\/marne-nature.fr\/index.php?rest_route=\/wp\/v2\/types\/page"}],"author":[{"embeddable":true,"href":"https:\/\/marne-nature.fr\/index.php?rest_route=\/wp\/v2\/users\/1"}],"replies":[{"embeddable":true,"href":"https:\/\/marne-nature.fr\/index.php?rest_route=%2Fwp%2Fv2%2Fcomments&post=278"}],"version-history":[{"count":1,"href":"https:\/\/marne-nature.fr\/index.php?rest_route=\/wp\/v2\/pages\/278\/revisions"}],"predecessor-version":[{"id":282,"href":"https:\/\/marne-nature.fr\/index.php?rest_route=\/wp\/v2\/pages\/278\/revisions\/282"}],"wp:attachment":[{"href":"https:\/\/marne-nature.fr\/index.php?rest_route=%2Fwp%2Fv2%2Fmedia&parent=278"}],"curies":[{"name":"wp","href":"https:\/\/api.w.org\/{rel}","templated":true}]}}