{"id":274,"date":"2024-04-04T13:43:06","date_gmt":"2024-04-04T11:43:06","guid":{"rendered":"https:\/\/marne-nature.fr\/?page_id=274"},"modified":"2024-04-04T13:48:43","modified_gmt":"2024-04-04T11:48:43","slug":"nos-services","status":"publish","type":"page","link":"https:\/\/marne-nature.fr\/?page_id=274","title":{"rendered":"Nos services"},"content":{"rendered":"\n<h2 class=\"wp-block-heading\">L\u2019association rend des services \u00e0 ses adh\u00e9rents, mais aussi \u00e0 toute personne int\u00e9ress\u00e9e.<\/h2>\n\n\n\n<figure class=\"wp-block-image size-full\"><img loading=\"lazy\" decoding=\"async\" width=\"286\" height=\"152\" src=\"https:\/\/marne-nature.fr\/wp-content\/uploads\/2024\/04\/graines.png\" alt=\"\" class=\"wp-image-275\"\/><\/figure>\n\n\n\n<p>Nous aidons \u00e0 la replantation de haies : particuliers et agriculteurs, collectivit\u00e9s.<br>Nous pouvons fournir des plants, des boutures.<br>Nous avons des graines que nous partageons. \u00a0 <a href=\"http:\/\/s622233640.onlinehome.fr\/wp-content\/uploads\/2019\/12\/liste-semences.pdf\">liste \u00e0 consulter<\/a><\/p>\n\n\n\n<figure class=\"wp-block-image size-full\"><img loading=\"lazy\" decoding=\"async\" width=\"297\" height=\"188\" src=\"https:\/\/marne-nature.fr\/wp-content\/uploads\/2024\/04\/escalier-terre.png\" alt=\"\" class=\"wp-image-276\"\/><\/figure>\n\n\n\n<p>Nous pouvons aussi\u00a0faire des actions de sensibilisation sur des sujets environnementaux \u00e0 destination des \u00e9coles, du public; par des animations, mais aussi par des cin\u00e9-d\u00e9bats, des expositions.<\/p>\n\n\n\n<figure class=\"wp-block-image size-full\"><img loading=\"lazy\" decoding=\"async\" width=\"358\" height=\"216\" src=\"http:\/\/marne-nature.fr\/wp-content\/uploads\/2024\/02\/guide-nature.jpg\" alt=\"\" class=\"wp-image-173\" srcset=\"https:\/\/marne-nature.fr\/wp-content\/uploads\/2024\/02\/guide-nature.jpg 358w, https:\/\/marne-nature.fr\/wp-content\/uploads\/2024\/02\/guide-nature-300x181.jpg 300w\" sizes=\"auto, (max-width: 358px) 100vw, 358px\" \/><\/figure>\n\n\n\n<p>Nous organisons des balades\u00a0avec d\u00e9couverte des plantes, du sol, des paysages.<\/p>\n\n\n\n<p>Nous avons\u00a0aussi le service de <strong><a href=\"https:\/\/marne-nature.fr\/?page_id=278\">chasse photographique<\/a><\/strong>.<\/p>\n","protected":false},"excerpt":{"rendered":"<p>L\u2019association rend des services \u00e0 ses adh\u00e9rents, mais aussi \u00e0 toute personne int\u00e9ress\u00e9e. Nous aidons \u00e0 la replantation de haies : particuliers et agriculteurs, collectivit\u00e9s.Nous pouvons fournir des plants, des&hellip;&nbsp;<a href=\"https:\/\/marne-nature.fr\/?page_id=274\" rel=\"bookmark\">Lire la suite &raquo;<span class=\"screen-reader-text\">Nos services<\/span><\/a><\/p>\n","protected":false},"author":1,"featured_media":0,"parent":0,"menu_order":0,"comment_status":"closed","ping_status":"closed","template":"","meta":{"neve_meta_sidebar":"","neve_meta_container":"","neve_meta_enable_content_width":"","neve_meta_content_width":0,"neve_meta_title_alignment":"","neve_meta_author_avatar":"","neve_post_elements_order":"","neve_meta_disable_header":"","neve_meta_disable_footer":"","neve_meta_disable_title":"","footnotes":""},"class_list":["post-274","page","type-page","status-publish","hentry"],"_links":{"self":[{"href":"https:\/\/marne-nature.fr\/index.php?rest_route=\/wp\/v2\/pages\/274","targetHints":{"allow":["GET"]}}],"collection":[{"href":"https:\/\/marne-nature.fr\/index.php?rest_route=\/wp\/v2\/pages"}],"about":[{"href":"https:\/\/marne-nature.fr\/index.php?rest_route=\/wp\/v2\/types\/page"}],"author":[{"embeddable":true,"href":"https:\/\/marne-nature.fr\/index.php?rest_route=\/wp\/v2\/users\/1"}],"replies":[{"embeddable":true,"href":"https:\/\/marne-nature.fr\/index.php?rest_route=%2Fwp%2Fv2%2Fcomments&post=274"}],"version-history":[{"count":3,"href":"https:\/\/marne-nature.fr\/index.php?rest_route=\/wp\/v2\/pages\/274\/revisions"}],"predecessor-version":[{"id":284,"href":"https:\/\/marne-nature.fr\/index.php?rest_route=\/wp\/v2\/pages\/274\/revisions\/284"}],"wp:attachment":[{"href":"https:\/\/marne-nature.fr\/index.php?rest_route=%2Fwp%2Fv2%2Fmedia&parent=274"}],"curies":[{"name":"wp","href":"https:\/\/api.w.org\/{rel}","templated":true}]}}