{"id":135,"date":"2024-02-26T08:51:23","date_gmt":"2024-02-26T07:51:23","guid":{"rendered":"https:\/\/marne-nature.fr\/?page_id=135"},"modified":"2024-02-26T08:51:24","modified_gmt":"2024-02-26T07:51:24","slug":"adherer","status":"publish","type":"page","link":"https:\/\/marne-nature.fr\/?page_id=135","title":{"rendered":"Adh\u00e9rer"},"content":{"rendered":"\n<p>Adh\u00e9sion individuelle \u00e0 20 \u20ac<br>Adh\u00e9sion familiale \u00e0 30 \u20ac<br>Adh\u00e9sion associative \u00e0 40 \u20ac (r\u00e9serv\u00e9e aux associations)<\/p>\n\n\n\n<p>Voici le bulletin d&rsquo;adh\u00e9sion \u00e0 renvoyer avec votre r\u00e8glement \u00e0 l&rsquo;ordre de Marne Nature Environnement.<\/p>\n\n\n\n<div data-wp-interactive=\"core\/file\" class=\"wp-block-file\"><object data-wp-bind--hidden=\"!state.hasPdfPreview\" hidden class=\"wp-block-file__embed\" data=\"https:\/\/marne-nature.fr\/wp-content\/uploads\/2024\/02\/Bulletin-adhesion-MNE-2024.pdf\" type=\"application\/pdf\" style=\"width:100%;height:600px\" aria-label=\"Contenu embarqu\u00e9 Bulletin-adhesion-MNE-2024.\"><\/object><a id=\"wp-block-file--media-f3f7634f-a5d4-4759-be46-d64a534f7bfe\" href=\"https:\/\/marne-nature.fr\/wp-content\/uploads\/2024\/02\/Bulletin-adhesion-MNE-2024.pdf\">Bulletin-adhesion-MNE-2024<\/a><a href=\"https:\/\/marne-nature.fr\/wp-content\/uploads\/2024\/02\/Bulletin-adhesion-MNE-2024.pdf\" class=\"wp-block-file__button wp-element-button\" download aria-describedby=\"wp-block-file--media-f3f7634f-a5d4-4759-be46-d64a534f7bfe\">T\u00e9l\u00e9charger<\/a><\/div>\n","protected":false},"excerpt":{"rendered":"<p>Adh\u00e9sion individuelle \u00e0 20 \u20acAdh\u00e9sion familiale \u00e0 30 \u20acAdh\u00e9sion associative \u00e0 40 \u20ac (r\u00e9serv\u00e9e aux associations) Voici le bulletin d&rsquo;adh\u00e9sion \u00e0 renvoyer avec votre r\u00e8glement \u00e0 l&rsquo;ordre de Marne Nature&hellip;&nbsp;<a href=\"https:\/\/marne-nature.fr\/?page_id=135\" rel=\"bookmark\">Lire la suite &raquo;<span class=\"screen-reader-text\">Adh\u00e9rer<\/span><\/a><\/p>\n","protected":false},"author":1,"featured_media":0,"parent":0,"menu_order":0,"comment_status":"closed","ping_status":"closed","template":"","meta":{"neve_meta_sidebar":"","neve_meta_container":"","neve_meta_enable_content_width":"","neve_meta_content_width":0,"neve_meta_title_alignment":"","neve_meta_author_avatar":"","neve_post_elements_order":"","neve_meta_disable_header":"","neve_meta_disable_footer":"","neve_meta_disable_title":"","footnotes":""},"class_list":["post-135","page","type-page","status-publish","hentry"],"_links":{"self":[{"href":"https:\/\/marne-nature.fr\/index.php?rest_route=\/wp\/v2\/pages\/135","targetHints":{"allow":["GET"]}}],"collection":[{"href":"https:\/\/marne-nature.fr\/index.php?rest_route=\/wp\/v2\/pages"}],"about":[{"href":"https:\/\/marne-nature.fr\/index.php?rest_route=\/wp\/v2\/types\/page"}],"author":[{"embeddable":true,"href":"https:\/\/marne-nature.fr\/index.php?rest_route=\/wp\/v2\/users\/1"}],"replies":[{"embeddable":true,"href":"https:\/\/marne-nature.fr\/index.php?rest_route=%2Fwp%2Fv2%2Fcomments&post=135"}],"version-history":[{"count":1,"href":"https:\/\/marne-nature.fr\/index.php?rest_route=\/wp\/v2\/pages\/135\/revisions"}],"predecessor-version":[{"id":137,"href":"https:\/\/marne-nature.fr\/index.php?rest_route=\/wp\/v2\/pages\/135\/revisions\/137"}],"wp:attachment":[{"href":"https:\/\/marne-nature.fr\/index.php?rest_route=%2Fwp%2Fv2%2Fmedia&parent=135"}],"curies":[{"name":"wp","href":"https:\/\/api.w.org\/{rel}","templated":true}]}}