{"id":13,"date":"2024-01-24T12:08:56","date_gmt":"2024-01-24T11:08:56","guid":{"rendered":"https:\/\/marne-nature.fr\/?page_id=13"},"modified":"2024-05-15T16:07:45","modified_gmt":"2024-05-15T14:07:45","slug":"details-du-projet","status":"publish","type":"page","link":"https:\/\/marne-nature.fr\/?page_id=13","title":{"rendered":"Questions EOLIEN"},"content":{"rendered":"\n<div class=\"wp-block-cover alignfull is-light\" style=\"min-height:320px;aspect-ratio:unset;\"><span aria-hidden=\"true\" class=\"wp-block-cover__background has-nv-site-bg-background-color has-background-dim-100 has-background-dim\"><\/span><div class=\"wp-block-cover__inner-container is-layout-flow wp-block-cover-is-layout-flow\">\n<div class=\"wp-block-group\"><div class=\"wp-block-group__inner-container is-layout-flow wp-block-group-is-layout-flow\">\n<div class=\"wp-block-columns are-vertically-aligned-center is-layout-flex wp-container-core-columns-is-layout-9d6595d7 wp-block-columns-is-layout-flex\">\n<div class=\"wp-block-column is-vertically-aligned-center is-layout-flow wp-block-column-is-layout-flow\" style=\"flex-basis:70%\">\n<h4 class=\"wp-block-heading has-text-align-left has-neve-text-color-color has-text-color\">On a besoin d\u2019\u00e9nergie et on aura des besoins croissants<\/h4>\n\n\n\n<p class=\"has-neve-text-color-color has-text-color\" style=\"font-size:15px\">Historiquement les \u00e9nergies se sont diversifi\u00e9es et certaines ont fini par \u00eatre abandonn\u00e9es; mais dans l&rsquo;ensemble la puissance de toutes les \u00e9nergies cumul\u00e9es  s&rsquo;est consid\u00e9rablement  accrue. De toute \u00e9vidence , le Big Data et le monde connect\u00e9 vont en demander encore plus, et aussi si nous sommes de plus en plus nombreux sur terre, et aussi parce que beaucoup de pays vont se moderniser.<\/p>\n\n\n\n<p style=\"font-size:15px\">Par ailleurs la d\u00e9monstration de J.-B. Fressoz sur le cumul des \u00e9nergies et l\u2019absence de transition est convaincante. Soyons r\u00e9alistes. Le Monde est fini en termes de capacit\u00e9 d&rsquo;expansion et de ressources&#8230;<\/p>\n\n\n\n<p><strong>Alors, quelles positions pouvons nous avoir?<\/strong><\/p>\n<\/div>\n\n\n\n<div class=\"wp-block-column is-vertically-aligned-center is-layout-flow wp-block-column-is-layout-flow\" style=\"flex-basis:30%\"><\/div>\n<\/div>\n\n\n\n<p><strong>L&rsquo;EOLIEN<\/strong><\/p>\n\n\n\n<p>Le mouvement \u00e9cologiste est divis\u00e9 sur la question. comme beaucoup d&rsquo;id\u00e9es nouvelles , quand on regarde ce qui en a \u00e9t\u00e9 fait, on est tr\u00e8s d\u00e9\u00e7u. <\/p>\n\n\n\n<p><strong>Argument 1<\/strong> l&rsquo;esth\u00e9tisme, le paysage: difficile d&rsquo;\u00eatre dans la peau de l&rsquo;autre. Si on aime pas , on constate qu&rsquo;on est quand m\u00eame servi. et puis il y a l&rsquo;effet de cumul des installations, notamment dans le sud Marnais<\/p>\n\n\n<div class=\"wp-block-image\">\n<figure class=\"alignleft size-full is-resized\"><img loading=\"lazy\" decoding=\"async\" width=\"789\" height=\"557\" src=\"https:\/\/marne-nature.fr\/wp-content\/uploads\/2024\/05\/eolien-a-la-fenetre.png\" alt=\"\" class=\"wp-image-363\" style=\"width:586px;height:auto\" srcset=\"https:\/\/marne-nature.fr\/wp-content\/uploads\/2024\/05\/eolien-a-la-fenetre.png 789w, https:\/\/marne-nature.fr\/wp-content\/uploads\/2024\/05\/eolien-a-la-fenetre-300x212.png 300w, https:\/\/marne-nature.fr\/wp-content\/uploads\/2024\/05\/eolien-a-la-fenetre-768x542.png 768w\" sizes=\"auto, (max-width: 789px) 100vw, 789px\" \/><\/figure><\/div>\n\n\n<p>Les 10 000 \u00e9oliennes fran\u00e7aises (installation, profit par des multinationales \u00e9trang\u00e8res pour la plupart) pr\u00e9servent-elles et am\u00e9liorent-elles vraiment l\u2019environnement ?<br>Soutenir l\u2019\u00e9nergie \u00e9olienne en vivant en ville c\u2019est plus facile que soutenir cette vision ci-contre.<\/p>\n\n\n\n<p><br>Paysage bafou\u00e9, nuisances sonores suivant l\u2019orientation au vent, flashes lumineux la nuit et effets stroboscopiques le jour, infrasons<br>\u00e9lectromagn\u00e9tisme, projection toxique des particules d\u2019usure des pales, voil\u00e0 ce qui est reproch\u00e9 par les opposants \u00e0 cette \u00e9nergie\u2026.<br>Effectivement les \u00e9oliennes sont principalement implant\u00e9es en milieu rural \u00e0 une distance l\u00e9gale minimum de 500 m\u00e8tres et une tol\u00e9rance au bruit de 35 d\u00e9cibels \u00e0 40 \u2026. Mais souvent plus bruyant.<br>Aujourd\u2019hui s\u2019installent des \u00e9oliennes de + en + puissantes (+ de 1500 tonnes de b\u00e9ton ferraill\u00e9 au pied et une hauteur de 200 \u00e0 240 m\u00e8tres). A savoir que le paysage des vignes du champagne class\u00e9 par l&rsquo;Unesco, n&rsquo;est pas \u00e9ligible \u00e0 l&rsquo;installation d&rsquo;\u00e9oliennes. Pourtant c&rsquo;est bien non?<br><\/p>\n\n\n\n<p><strong>Argument  2<\/strong> l&rsquo;intermittence de la production: c&rsquo;est vrai il n&rsquo;y a pas toujours du vent. C&rsquo;est une \u00e9nergie de compl\u00e9ment, mais qui pr\u00e9sente l&rsquo;avantage que la nuit il peut y avoir du vent et cela se compl\u00e8te donc bien avec le photovolta\u00efque qui est une production de jour.<\/p>\n\n\n\n<p><strong>Argument<\/strong> <strong>3<\/strong>  Les \u00e9oliennes sont install\u00e9es dans les couloirs migratoires; Eh bien  c&rsquo;est pas faux! Une vigilance s&rsquo;impose de ce point de vue; Les soci\u00e9t\u00e9s d&rsquo;\u00e9oliennes sont  souvent pr\u00eates \u00e0 tout pour profiter  de la manne des subventions et de rachat; Des recours nombreux parviendront \u00e0 faire reculer des projets. De plus les quantit\u00e9s de mortalit\u00e9 au pied des \u00e9oliennes reste difficile \u00e0 \u00e9tablir, car il faut se lever t\u00f4t faire des \u00e9tats rigoureux, etc&#8230;<\/p>\n\n\n<div class=\"wp-block-image\">\n<figure class=\"alignright size-full is-resized\"><img loading=\"lazy\" decoding=\"async\" width=\"841\" height=\"553\" src=\"https:\/\/marne-nature.fr\/wp-content\/uploads\/2024\/05\/Carte-couloirs-migratoires-eoliennes-MARNE.png\" alt=\"\" class=\"wp-image-373\" style=\"width:690px;height:auto\" srcset=\"https:\/\/marne-nature.fr\/wp-content\/uploads\/2024\/05\/Carte-couloirs-migratoires-eoliennes-MARNE.png 841w, https:\/\/marne-nature.fr\/wp-content\/uploads\/2024\/05\/Carte-couloirs-migratoires-eoliennes-MARNE-300x197.png 300w, https:\/\/marne-nature.fr\/wp-content\/uploads\/2024\/05\/Carte-couloirs-migratoires-eoliennes-MARNE-768x505.png 768w\" sizes=\"auto, (max-width: 841px) 100vw, 841px\" \/><\/figure><\/div>\n\n\n<p>Alors voyons cette carte&#8230;<\/p>\n\n\n\n<p>Bon quand m\u00eame tout est tr\u00e8s concentr\u00e9 sur le sud de la Marne. Sachant que le Grand-Est produit  2,5 fois l\u2019\u00e9nergie dont il a besoin, on pourrait \u00eatre plus regardant: pr\u00e9cautionneux?<\/p>\n\n\n\n<p>C&rsquo;est toujours parce qu&rsquo;on veut faire \u00e0 toute vitesse, \u00e0 marche  forc\u00e9e; et surtout sans  les citoyens , sans l&rsquo;avis des locaux. Les Enqu\u00eates Publiques sont faites sans publicit\u00e9 ou si peu, ou pendant les vacances ou en fin d&rsquo;ann\u00e9e , \u00e0 des moments difficiles pour ceux qui travaillent&#8230;Il faudrait moderniser, am\u00e9liorer la participation, mieux int\u00e9resser les personnes. Mais  la simplification est pr\u00e9f\u00e9r\u00e9e, mettant la population  \u00e0 encore plus de distance.<\/p>\n<\/div><\/div>\n\n\n\n<p><strong>Notre position: <\/strong>Nous sommes favorables \u00e0 l&rsquo;\u00e9olien quand il est respectueux de la biodiversit\u00e9 , des r\u00e8gles d\u00e9mocratiques, quand il est accept\u00e9 par la population et nous souhaiterions qu&rsquo;il soit citoyen dans son financement et r\u00e9parti correctement sur le territoire.<\/p>\n\n\n\n<p>.<\/p>\n\n\n\n<div class=\"wp-block-group\"><div class=\"wp-block-group__inner-container is-layout-flow wp-block-group-is-layout-flow\">\n<figure class=\"wp-block-image size-large is-resized\"><img loading=\"lazy\" decoding=\"async\" width=\"1024\" height=\"461\" src=\"https:\/\/marne-nature.fr\/wp-content\/uploads\/2024\/05\/20230610_175544-1024x461.jpg\" alt=\"\" class=\"wp-image-382\" style=\"width:1253px;height:auto\" srcset=\"https:\/\/marne-nature.fr\/wp-content\/uploads\/2024\/05\/20230610_175544-1024x461.jpg 1024w, https:\/\/marne-nature.fr\/wp-content\/uploads\/2024\/05\/20230610_175544-300x135.jpg 300w, https:\/\/marne-nature.fr\/wp-content\/uploads\/2024\/05\/20230610_175544-768x346.jpg 768w, https:\/\/marne-nature.fr\/wp-content\/uploads\/2024\/05\/20230610_175544-1536x691.jpg 1536w, https:\/\/marne-nature.fr\/wp-content\/uploads\/2024\/05\/20230610_175544-2048x922.jpg 2048w\" sizes=\"auto, (max-width: 1024px) 100vw, 1024px\" \/><\/figure>\n\n\n\n<p><\/p>\n\n\n\n<p><\/p>\n\n\n\n<p><\/p>\n\n\n\n<p><em>article en cours d&rsquo;\u00e9criture<\/em><\/p>\n\n\n\n<p><\/p>\n<\/div><\/div>\n<\/div><\/div>\n\n\n\n<div class=\"wp-block-cover alignfull is-light\" style=\"min-height:600px;aspect-ratio:unset;\"><span aria-hidden=\"true\" class=\"wp-block-cover__background has-nv-site-bg-background-color has-background-dim-100 has-background-dim\"><\/span><div class=\"wp-block-cover__inner-container is-layout-flow wp-block-cover-is-layout-flow\">\n<div class=\"wp-block-group\"><div class=\"wp-block-group__inner-container is-layout-flow wp-block-group-is-layout-flow\">\n<div style=\"height:80px\" aria-hidden=\"true\" class=\"wp-block-spacer\"><\/div>\n\n\n\n<div style=\"height:20px\" aria-hidden=\"true\" class=\"wp-block-spacer\"><\/div>\n\n\n\n<div class=\"wp-block-columns are-vertically-aligned-center is-layout-flex wp-container-core-columns-is-layout-9d6595d7 wp-block-columns-is-layout-flex\">\n<div class=\"wp-block-column is-vertically-aligned-center is-layout-flow wp-block-column-is-layout-flow\" style=\"flex-basis:50%\">\n<div style=\"height:40px\" aria-hidden=\"true\" class=\"wp-block-spacer\"><\/div>\n<\/div>\n\n\n\n<div class=\"wp-block-column is-vertically-aligned-center is-layout-flow wp-block-column-is-layout-flow\" style=\"flex-basis:50%\">\n<div style=\"height:40px\" aria-hidden=\"true\" class=\"wp-block-spacer\"><\/div>\n<\/div>\n<\/div>\n\n\n\n<div style=\"height:40px\" aria-hidden=\"true\" class=\"wp-block-spacer\"><\/div>\n<\/div><\/div>\n<\/div><\/div>\n","protected":false},"excerpt":{"rendered":"","protected":false},"author":1,"featured_media":0,"parent":0,"menu_order":0,"comment_status":"closed","ping_status":"closed","template":"","meta":{"neve_meta_sidebar":"","neve_meta_container":"","neve_meta_enable_content_width":"on","neve_meta_content_width":100,"neve_meta_title_alignment":"","neve_meta_author_avatar":"","neve_post_elements_order":"","neve_meta_disable_header":"","neve_meta_disable_footer":"","neve_meta_disable_title":"on","footnotes":""},"class_list":["post-13","page","type-page","status-publish","hentry"],"_links":{"self":[{"href":"https:\/\/marne-nature.fr\/index.php?rest_route=\/wp\/v2\/pages\/13","targetHints":{"allow":["GET"]}}],"collection":[{"href":"https:\/\/marne-nature.fr\/index.php?rest_route=\/wp\/v2\/pages"}],"about":[{"href":"https:\/\/marne-nature.fr\/index.php?rest_route=\/wp\/v2\/types\/page"}],"author":[{"embeddable":true,"href":"https:\/\/marne-nature.fr\/index.php?rest_route=\/wp\/v2\/users\/1"}],"replies":[{"embeddable":true,"href":"https:\/\/marne-nature.fr\/index.php?rest_route=%2Fwp%2Fv2%2Fcomments&post=13"}],"version-history":[{"count":16,"href":"https:\/\/marne-nature.fr\/index.php?rest_route=\/wp\/v2\/pages\/13\/revisions"}],"predecessor-version":[{"id":393,"href":"https:\/\/marne-nature.fr\/index.php?rest_route=\/wp\/v2\/pages\/13\/revisions\/393"}],"wp:attachment":[{"href":"https:\/\/marne-nature.fr\/index.php?rest_route=%2Fwp%2Fv2%2Fmedia&parent=13"}],"curies":[{"name":"wp","href":"https:\/\/api.w.org\/{rel}","templated":true}]}}